{"id":5231,"date":"2024-04-04T11:34:54","date_gmt":"2024-04-04T11:34:54","guid":{"rendered":"https:\/\/consortium.ascentia.top\/?post_type=product&#038;p=5231"},"modified":"2025-05-07T13:58:47","modified_gmt":"2025-05-07T13:58:47","slug":"kabelska-motalica-15mm2-40m","status":"publish","type":"product","link":"https:\/\/consortium.ascentia.top\/sl\/trgovina\/elektromaterijal\/instalacijski-sustavi\/kablovi\/kabelska-motalica-15mm2-40m\/","title":{"rendered":"Kabelski podalj\u0161ek na kolutu 1,5 mm\u00b2, 40 m"},"content":{"rendered":"<p>Visoka kakovost vgrajenih komponent zagotavlja zelo dolgo \u017eivljenjsko dobo izdelkov iz linije Hobby Line.<\/p>\n<p>Pocinkan nosilec, vgrajeno termi\u010dno stikalo, vti\u010dnice z za\u0161\u010dito za otroke, boben z izbolj\u0161ano odpornostjo na lomljenje so le nekateri od detajlov, ki izdelke v tej kategoriji naredijo idealne za vsakogar.<\/p>\n<p>- Vgrajena za\u0161\u010dita pred preobremenitvijo \u2013 termi\u010dno stikalo<\/p>\n<p>Robustnost ohi\u0161ja, bobna, vti\u010dnic, kabla in drugih komponent je tisto, zaradi \u010desar so Commel kabelski podalj\u0161ki posebni. Vsi Commel kabelski podalj\u0161ki imajo do\u017eivljenjsko jamstvo.<\/p>\n<p>Commel do\u017eivljenjsko jamstvo pokriva vse tovarni\u0161ke napake, pomanjkljivosti v materialu ali izdelavi, ki bi lahko vplivale na delovanje izdelka, in ki so ugotovljene pri obi\u010dajni uporabi ob spo\u0161tovanju vseh tehni\u010dnih specifikacij izdelka.<\/p>","protected":false},"excerpt":{"rendered":"<p>Visoka kvaliteta ugra\u0111enih komponenti osigurava vrlo dugi radni vijek proizvoda iz linije Hobby line. Pocin\u010dani nosa\u010d, ugra\u0111eni termoprekida\u010d, uti\u010dnice sa za\u0161titom za djecu, bubanj poja\u010dane otpornosti na lomove, samo su neki od detalja koji \u010dine proizvode iz ove kategorije idealnim za svakog korisnika. - Ugra\u0111ena za\u0161tita od preoptere\u0107enja \u2013 termoprekida\u010d Robusnost ku\u0107i\u0161ta, bubnja, uti\u010dnica, kabela [&hellip;]<\/p>","protected":false},"featured_media":5232,"template":"","meta":[],"product_brand":[],"product_cat":[239,240,245],"product_tag":[],"class_list":{"0":"post-5231","1":"product","2":"type-product","3":"status-publish","4":"has-post-thumbnail","6":"product_cat-elektromaterijal","7":"product_cat-instalacijski-sustavi","8":"product_cat-kablovi","10":"first","11":"instock","12":"shipping-taxable","13":"purchasable","14":"product-type-simple"},"acf":[],"_links":{"self":[{"href":"https:\/\/consortium.ascentia.top\/sl\/wp-json\/wp\/v2\/product\/5231","targetHints":{"allow":["GET"]}}],"collection":[{"href":"https:\/\/consortium.ascentia.top\/sl\/wp-json\/wp\/v2\/product"}],"about":[{"href":"https:\/\/consortium.ascentia.top\/sl\/wp-json\/wp\/v2\/types\/product"}],"wp:featuredmedia":[{"embeddable":true,"href":"https:\/\/consortium.ascentia.top\/sl\/wp-json\/wp\/v2\/media\/5232"}],"wp:attachment":[{"href":"https:\/\/consortium.ascentia.top\/sl\/wp-json\/wp\/v2\/media?parent=5231"}],"wp:term":[{"taxonomy":"product_brand","embeddable":true,"href":"https:\/\/consortium.ascentia.top\/sl\/wp-json\/wp\/v2\/product_brand?post=5231"},{"taxonomy":"product_cat","embeddable":true,"href":"https:\/\/consortium.ascentia.top\/sl\/wp-json\/wp\/v2\/product_cat?post=5231"},{"taxonomy":"product_tag","embeddable":true,"href":"https:\/\/consortium.ascentia.top\/sl\/wp-json\/wp\/v2\/product_tag?post=5231"}],"curies":[{"name":"wp","href":"https:\/\/api.w.org\/{rel}","templated":true}]}}