{"id":5223,"date":"2024-04-04T11:26:12","date_gmt":"2024-04-04T11:26:12","guid":{"rendered":"https:\/\/consortium.ascentia.top\/?post_type=product&#038;p=5223"},"modified":"2025-05-07T14:00:22","modified_gmt":"2025-05-07T14:00:22","slug":"utikac-gumeni-suko","status":"publish","type":"product","link":"https:\/\/consortium.ascentia.top\/sl\/trgovina\/elektromaterijal\/instalacijski-sustavi\/utikaci\/utikac-gumeni-suko\/","title":{"rendered":"\u0160uko gumijasti vtika\u010d"},"content":{"rendered":"<li>Gumirani \u0161uko (schuko) utika\u010d<\/li>\n<li>Namenjeni za priklju\u010ditev elektri\u010dnih naprav in porabnikov na nizkonapetostno omre\u017eje.<\/li>\n<li>Prvenstveno se primjenjuju za industrijske svrhe, primjerice: u proizvodnim pogonima, poljoprivredi, trgovini, graditeljstvu, ali je uporaba mogu\u0107a i u ku\u0107anstvima.<\/li>\n<li>Hitra monta\u017ea \u2013 varno in hitro o\u017ei\u010denje<\/li>\n<li>Za\u0161\u010dita: IP20<\/li>\n<li>Material: guma<\/li>\n<li>16A \/ 230V<\/li>","protected":false},"excerpt":{"rendered":"<p>Gumirani \u0161uko (schuko) utika\u010d Namijenjeni su za spajanje elektri\u010dnih ure\u0111aja i tro\u0161ila na niskonaponsku mre\u017eu. Prvenstveno se primjenjuju za industrijske svrhe, primjerice: u proizvodnim pogonima, poljoprivredi, trgovini, graditeljstvu, ali je uporaba mogu\u0107a i u ku\u0107anstvima. Brza monta\u017ea -sigurno i brzo kabliranje Za\u0161tita: IP20 Materijal: guma 16A \/ 230V<\/p>","protected":false},"featured_media":5224,"template":"","meta":[],"product_brand":[],"product_cat":[239,240,246],"product_tag":[],"class_list":{"0":"post-5223","1":"product","2":"type-product","3":"status-publish","4":"has-post-thumbnail","6":"product_cat-elektromaterijal","7":"product_cat-instalacijski-sustavi","8":"product_cat-utikaci","10":"first","11":"instock","12":"shipping-taxable","13":"purchasable","14":"product-type-simple"},"acf":[],"_links":{"self":[{"href":"https:\/\/consortium.ascentia.top\/sl\/wp-json\/wp\/v2\/product\/5223","targetHints":{"allow":["GET"]}}],"collection":[{"href":"https:\/\/consortium.ascentia.top\/sl\/wp-json\/wp\/v2\/product"}],"about":[{"href":"https:\/\/consortium.ascentia.top\/sl\/wp-json\/wp\/v2\/types\/product"}],"wp:featuredmedia":[{"embeddable":true,"href":"https:\/\/consortium.ascentia.top\/sl\/wp-json\/wp\/v2\/media\/5224"}],"wp:attachment":[{"href":"https:\/\/consortium.ascentia.top\/sl\/wp-json\/wp\/v2\/media?parent=5223"}],"wp:term":[{"taxonomy":"product_brand","embeddable":true,"href":"https:\/\/consortium.ascentia.top\/sl\/wp-json\/wp\/v2\/product_brand?post=5223"},{"taxonomy":"product_cat","embeddable":true,"href":"https:\/\/consortium.ascentia.top\/sl\/wp-json\/wp\/v2\/product_cat?post=5223"},{"taxonomy":"product_tag","embeddable":true,"href":"https:\/\/consortium.ascentia.top\/sl\/wp-json\/wp\/v2\/product_tag?post=5223"}],"curies":[{"name":"wp","href":"https:\/\/api.w.org\/{rel}","templated":true}]}}