{"id":5105,"date":"2024-03-29T14:26:49","date_gmt":"2024-03-29T14:26:49","guid":{"rendered":"https:\/\/consortium.ascentia.top\/?post_type=product&#038;p=5105"},"modified":"2025-05-16T07:21:08","modified_gmt":"2025-05-16T07:21:08","slug":"mapelastic-aquadefense","status":"publish","type":"product","link":"https:\/\/consortium.ascentia.top\/sl\/trgovina\/polaganje-keramike\/hidroizolacija\/mapelastic-aquadefense\/","title":{"rendered":"Mapelastic Aquadefense"},"content":{"rendered":"<p><strong>Mapei Mapelastic Aquadefense jednokomponentna, izrazito brzosu\u0161e\u0107a, fleksibilna teku\u0107a hidroizolacija za unutarnje i vanjske povr\u0161ine.<\/strong><\/p>\n<p><strong>Podro\u010dje uporabe:<\/strong><br \/>\nZa hidroizolaciju prije polaganja kerami\u010dkih plo\u010dica, kamena i mozaika na balkonima i terasama, u kupaonicama, tu\u0161 kabinama, praonicama rublja, saunama i vla\u017enim prostorima op\u0107enito. Mo\u017ee se nanositi na beton, cementne estrihe izvedene specijalnim vezivima (Topcem, Topcem Pronto, Mapcem, Mapcem Pronto), gipskartonske plo\u010de (samo unutarnje povr\u0161ine) i postoje\u0107e obloge od keramike, teraca ili kamena te na cementne \u017ebuke.<\/p>\n<p><strong>Prednosti:<\/strong><br \/>\n\u2022 Ne zahtjeva mije\u0161anje niti alat za mije\u0161anje jer je ve\u0107 pripremljen za upotrebu<br \/>\n\u2022 Otporan je na ki\u0161u 1 sat od nano\u0161enja prvog sloja i 3 h nakon nano\u0161enja drugog sloja (na 23 \u00b0C; ovisno o upojnosti podloge)<\/p>\n<p><strong>Tehni\u010dni podatki:<\/strong><br \/>\n\u2022 Konzistencija: pasta<br \/>\n\u2022 Temperatura za rad: od 5 do 35 \u00b0C pri 23 \u00b0C<br \/>\n\u2022 \u010cekanje izme\u0111u prvog i drugog sloja: pribli\u017eno 1 h (pri 23 \u00b0C)<br \/>\n\u2022 \u010cekanje prije polaganja zavr\u0161ne obloge: 3-4 h (pri 23 \u00b0C)<br \/>\n\u2022 Nano\u0161enje: valjkom, \u010detkom ili gleterom<br \/>\n\u2022 Potro\u0161nja: 1 kg\/m2 za dva sloja (1,3 kg\/m2 za 1 mm debljine)<\/p>","protected":false},"excerpt":{"rendered":"<p>Mapei Mapelastic Aquadefense jednokomponentna, izrazito brzosu\u0161e\u0107a, fleksibilna teku\u0107a hidroizolacija za unutarnje i vanjske povr\u0161ine. Podru\u010dje primjene: Za hidroizolaciju prije polaganja kerami\u010dkih plo\u010dica, kamena i mozaika na balkonima i terasama, u kupaonicama, tu\u0161 kabinama, praonicama rublja, saunama i vla\u017enim prostorima op\u0107enito. Mo\u017ee se nanositi na beton, cementne estrihe izvedene specijalnim vezivima (Topcem, Topcem Pronto, Mapcem, Mapcem [&hellip;]<\/p>","protected":false},"featured_media":5108,"template":"","meta":[],"product_brand":[],"product_cat":[217,214],"product_tag":[],"class_list":{"0":"post-5105","1":"product","2":"type-product","3":"status-publish","4":"has-post-thumbnail","6":"product_cat-hidroizolacija","7":"product_cat-polaganje-keramike","9":"first","10":"instock","11":"shipping-taxable","12":"purchasable","13":"product-type-variable","14":"wvs-archive-product-wrapper"},"acf":[],"_links":{"self":[{"href":"https:\/\/consortium.ascentia.top\/sl\/wp-json\/wp\/v2\/product\/5105","targetHints":{"allow":["GET"]}}],"collection":[{"href":"https:\/\/consortium.ascentia.top\/sl\/wp-json\/wp\/v2\/product"}],"about":[{"href":"https:\/\/consortium.ascentia.top\/sl\/wp-json\/wp\/v2\/types\/product"}],"wp:featuredmedia":[{"embeddable":true,"href":"https:\/\/consortium.ascentia.top\/sl\/wp-json\/wp\/v2\/media\/5108"}],"wp:attachment":[{"href":"https:\/\/consortium.ascentia.top\/sl\/wp-json\/wp\/v2\/media?parent=5105"}],"wp:term":[{"taxonomy":"product_brand","embeddable":true,"href":"https:\/\/consortium.ascentia.top\/sl\/wp-json\/wp\/v2\/product_brand?post=5105"},{"taxonomy":"product_cat","embeddable":true,"href":"https:\/\/consortium.ascentia.top\/sl\/wp-json\/wp\/v2\/product_cat?post=5105"},{"taxonomy":"product_tag","embeddable":true,"href":"https:\/\/consortium.ascentia.top\/sl\/wp-json\/wp\/v2\/product_tag?post=5105"}],"curies":[{"name":"wp","href":"https:\/\/api.w.org\/{rel}","templated":true}]}}