{"id":2864,"date":"2022-11-23T12:31:19","date_gmt":"2022-11-23T12:31:19","guid":{"rendered":"https:\/\/consortium.ascentia.top\/?post_type=product&#038;p=2864"},"modified":"2025-05-07T14:01:09","modified_gmt":"2025-05-07T14:01:09","slug":"co-me-lopatica-zaobljeni-rubovi","status":"publish","type":"product","link":"https:\/\/consortium.ascentia.top\/sl\/trgovina\/alati\/dekorativni-alati-come-i-boldrini\/co-me-lopatica-zaobljeni-rubovi\/","title":{"rendered":"CO.ME Lopatica s zaobljenimi robovi"},"content":{"rendered":"<ul>\n<li>Nehr\u0111aju\u0107i \u010delik<\/li>\n<li>Spiralno polirana lopatica sa zaobljenim rubovima<\/li>\n<li>Plasti\u010dni ro\u010daj.<\/li>\n<\/ul>","protected":false},"excerpt":{"rendered":"<p>Nehr\u0111aju\u0107i \u010delik Spiralno polirana lopatica sa zaobljenim rubovima Plasti\u010dna dr\u0161ka<\/p>","protected":false},"featured_media":2873,"template":"","meta":[],"product_brand":[],"product_cat":[222,293],"product_tag":[],"class_list":{"0":"post-2864","1":"product","2":"type-product","3":"status-publish","4":"has-post-thumbnail","6":"product_cat-alati","7":"product_cat-dekorativni-alati-come-i-boldrini","9":"first","10":"instock","11":"shipping-taxable","12":"purchasable","13":"product-type-variable","14":"wvs-archive-product-wrapper"},"acf":[],"_links":{"self":[{"href":"https:\/\/consortium.ascentia.top\/sl\/wp-json\/wp\/v2\/product\/2864","targetHints":{"allow":["GET"]}}],"collection":[{"href":"https:\/\/consortium.ascentia.top\/sl\/wp-json\/wp\/v2\/product"}],"about":[{"href":"https:\/\/consortium.ascentia.top\/sl\/wp-json\/wp\/v2\/types\/product"}],"wp:featuredmedia":[{"embeddable":true,"href":"https:\/\/consortium.ascentia.top\/sl\/wp-json\/wp\/v2\/media\/2873"}],"wp:attachment":[{"href":"https:\/\/consortium.ascentia.top\/sl\/wp-json\/wp\/v2\/media?parent=2864"}],"wp:term":[{"taxonomy":"product_brand","embeddable":true,"href":"https:\/\/consortium.ascentia.top\/sl\/wp-json\/wp\/v2\/product_brand?post=2864"},{"taxonomy":"product_cat","embeddable":true,"href":"https:\/\/consortium.ascentia.top\/sl\/wp-json\/wp\/v2\/product_cat?post=2864"},{"taxonomy":"product_tag","embeddable":true,"href":"https:\/\/consortium.ascentia.top\/sl\/wp-json\/wp\/v2\/product_tag?post=2864"}],"curies":[{"name":"wp","href":"https:\/\/api.w.org\/{rel}","templated":true}]}}