{"id":2580,"date":"2022-11-12T16:58:18","date_gmt":"2022-11-12T16:58:18","guid":{"rendered":"https:\/\/consortium.ascentia.top\/?post_type=product&#038;p=2580"},"modified":"2025-05-07T13:57:56","modified_gmt":"2025-05-07T13:57:56","slug":"boldrini-valjak-hi-ten-25cm-14-mm","status":"publish","type":"product","link":"https:\/\/consortium.ascentia.top\/sl\/trgovina\/licilacki-pribor\/valjci-za-bojanje\/boldrini-valjak-hi-ten-25cm-14-mm\/","title":{"rendered":"Boldrini valj\u010dek Hi-Ten 25 cm 14 mm"},"content":{"rendered":"<div class=\"docos-replyview-body docos-anchoredreplyview-body docos-replyview-body-emoji-reactable\" dir=\"ltr\">Hi-TEN: nova tkanina iz predelanih in teksturiranih poliestrskih vlaken. Brezhibna kon\u010dna obdelava na zelo gladkih povr\u0161inah. Brez izgube vlaken, zato je posebej primerna za nana\u0161anje smol ter neprosojnih in zelo finih zaklju\u010dnih slojev na stene ali tla.<\/div>","protected":false},"excerpt":{"rendered":"<p>Hi-TEN: nova tkanina iz predelanih in teksturiranih poliestrskih vlaken. Brezhibna kon\u010dna obdelava na zelo gladkih povr\u0161inah. Brez izgube vlaken, zato je posebej primerna za nana\u0161anje smol ter neprosojnih in zelo finih zaklju\u010dnih slojev na stene ali tla.<\/p>","protected":false},"featured_media":2581,"template":"","meta":[],"product_brand":[],"product_cat":[203,204],"product_tag":[],"class_list":{"0":"post-2580","1":"product","2":"type-product","3":"status-publish","4":"has-post-thumbnail","6":"product_cat-licilacki-pribor","7":"product_cat-valjci-za-bojanje","9":"first","10":"instock","11":"shipping-taxable","12":"purchasable","13":"product-type-simple"},"acf":[],"_links":{"self":[{"href":"https:\/\/consortium.ascentia.top\/sl\/wp-json\/wp\/v2\/product\/2580","targetHints":{"allow":["GET"]}}],"collection":[{"href":"https:\/\/consortium.ascentia.top\/sl\/wp-json\/wp\/v2\/product"}],"about":[{"href":"https:\/\/consortium.ascentia.top\/sl\/wp-json\/wp\/v2\/types\/product"}],"wp:featuredmedia":[{"embeddable":true,"href":"https:\/\/consortium.ascentia.top\/sl\/wp-json\/wp\/v2\/media\/2581"}],"wp:attachment":[{"href":"https:\/\/consortium.ascentia.top\/sl\/wp-json\/wp\/v2\/media?parent=2580"}],"wp:term":[{"taxonomy":"product_brand","embeddable":true,"href":"https:\/\/consortium.ascentia.top\/sl\/wp-json\/wp\/v2\/product_brand?post=2580"},{"taxonomy":"product_cat","embeddable":true,"href":"https:\/\/consortium.ascentia.top\/sl\/wp-json\/wp\/v2\/product_cat?post=2580"},{"taxonomy":"product_tag","embeddable":true,"href":"https:\/\/consortium.ascentia.top\/sl\/wp-json\/wp\/v2\/product_tag?post=2580"}],"curies":[{"name":"wp","href":"https:\/\/api.w.org\/{rel}","templated":true}]}}