{"id":5439,"date":"2024-04-15T13:45:58","date_gmt":"2024-04-15T13:45:58","guid":{"rendered":"https:\/\/consortium.ascentia.top\/?post_type=product&#038;p=5439"},"modified":"2025-05-07T13:58:02","modified_gmt":"2025-05-07T13:58:02","slug":"bravica-140-pomicna","status":"publish","type":"product","link":"http:\/\/consortium.ascentia.top\/sl\/trgovina\/vijcana-roba-i-okovi\/okovi-za-stolariju\/bravica-140-pomicna\/","title":{"rendered":"Premi\u010dna klju\u010davnica 140"},"content":{"rendered":"<li>Bravica 140 pomi\u010dna namijenjena je zaklju\u010davanju drvenog namje\u0161taja<\/li>\n<li>Centar cilindra je mogu\u0107e pode\u0161avati \u0161to ju \u010dini univerzalnom za monta\u017eu na razli\u010dite tipove namje\u0161taja<\/li>\n<li>Bravica dolazi u pakiranju sa dva klju\u010di\u0107a i ukrasnom rozetom<\/li>","protected":false},"excerpt":{"rendered":"<p>Bravica 140 pomi\u010dna namijenjena je zaklju\u010davanju drvenog namje\u0161taja Centar cilindra je mogu\u0107e pode\u0161avati \u0161to ju \u010dini univerzalnom za monta\u017eu na razli\u010dite tipove namje\u0161taja Bravica dolazi u pakiranju sa dva klju\u010di\u0107a i ukrasnom rozetom<\/p>","protected":false},"featured_media":5440,"template":"","meta":[],"product_brand":[],"product_cat":[276,254],"product_tag":[],"class_list":{"0":"post-5439","1":"product","2":"type-product","3":"status-publish","4":"has-post-thumbnail","6":"product_cat-okovi-za-stolariju","7":"product_cat-vijcana-roba-i-okovi","9":"first","10":"instock","11":"shipping-taxable","12":"purchasable","13":"product-type-simple"},"acf":[],"_links":{"self":[{"href":"http:\/\/consortium.ascentia.top\/sl\/wp-json\/wp\/v2\/product\/5439","targetHints":{"allow":["GET"]}}],"collection":[{"href":"http:\/\/consortium.ascentia.top\/sl\/wp-json\/wp\/v2\/product"}],"about":[{"href":"http:\/\/consortium.ascentia.top\/sl\/wp-json\/wp\/v2\/types\/product"}],"wp:featuredmedia":[{"embeddable":true,"href":"http:\/\/consortium.ascentia.top\/sl\/wp-json\/wp\/v2\/media\/5440"}],"wp:attachment":[{"href":"http:\/\/consortium.ascentia.top\/sl\/wp-json\/wp\/v2\/media?parent=5439"}],"wp:term":[{"taxonomy":"product_brand","embeddable":true,"href":"http:\/\/consortium.ascentia.top\/sl\/wp-json\/wp\/v2\/product_brand?post=5439"},{"taxonomy":"product_cat","embeddable":true,"href":"http:\/\/consortium.ascentia.top\/sl\/wp-json\/wp\/v2\/product_cat?post=5439"},{"taxonomy":"product_tag","embeddable":true,"href":"http:\/\/consortium.ascentia.top\/sl\/wp-json\/wp\/v2\/product_tag?post=5439"}],"curies":[{"name":"wp","href":"https:\/\/api.w.org\/{rel}","templated":true}]}}