{"id":5403,"date":"2024-04-15T13:12:10","date_gmt":"2024-04-15T13:12:10","guid":{"rendered":"https:\/\/consortium.ascentia.top\/?post_type=product&#038;p=5403"},"modified":"2025-05-12T11:59:59","modified_gmt":"2025-05-12T11:59:59","slug":"nosac-podni-podesiva-visina","status":"publish","type":"product","link":"http:\/\/consortium.ascentia.top\/sl\/trgovina\/vijcana-roba-i-okovi\/nosaci-za-stupove-i-grede\/nosac-podni-podesiva-visina\/","title":{"rendered":"Talni nosilec z nastavljivo vi\u0161ino"},"content":{"rendered":"<p>Nosilec za gredo na palici iz \u010cBR-ja je namenjen za namestitev na gotove betonske povr\u0161ine. Obi\u010dajna uporaba je za monta\u017eo nosilnih stre\u0161nih konstrukcij, nadstre\u0161kov, pergol, vrtnih in monta\u017enih hi\u0161.<\/p>","protected":false},"excerpt":{"rendered":"<p>Nosilec za gredo na palici iz \u010cBR-ja je namenjen za namestitev na gotove betonske povr\u0161ine. Obi\u010dajna uporaba je za monta\u017eo nosilnih stre\u0161nih konstrukcij, nadstre\u0161kov, pergol, vrtnih in monta\u017enih hi\u0161.<\/p>","protected":false},"featured_media":5404,"template":"","meta":[],"product_brand":[],"product_cat":[278,254],"product_tag":[],"class_list":{"0":"post-5403","1":"product","2":"type-product","3":"status-publish","4":"has-post-thumbnail","6":"product_cat-nosaci-za-stupove-i-grede","7":"product_cat-vijcana-roba-i-okovi","9":"first","10":"instock","11":"shipping-taxable","12":"purchasable","13":"product-type-variable","14":"wvs-archive-product-wrapper"},"acf":[],"_links":{"self":[{"href":"http:\/\/consortium.ascentia.top\/sl\/wp-json\/wp\/v2\/product\/5403","targetHints":{"allow":["GET"]}}],"collection":[{"href":"http:\/\/consortium.ascentia.top\/sl\/wp-json\/wp\/v2\/product"}],"about":[{"href":"http:\/\/consortium.ascentia.top\/sl\/wp-json\/wp\/v2\/types\/product"}],"wp:featuredmedia":[{"embeddable":true,"href":"http:\/\/consortium.ascentia.top\/sl\/wp-json\/wp\/v2\/media\/5404"}],"wp:attachment":[{"href":"http:\/\/consortium.ascentia.top\/sl\/wp-json\/wp\/v2\/media?parent=5403"}],"wp:term":[{"taxonomy":"product_brand","embeddable":true,"href":"http:\/\/consortium.ascentia.top\/sl\/wp-json\/wp\/v2\/product_brand?post=5403"},{"taxonomy":"product_cat","embeddable":true,"href":"http:\/\/consortium.ascentia.top\/sl\/wp-json\/wp\/v2\/product_cat?post=5403"},{"taxonomy":"product_tag","embeddable":true,"href":"http:\/\/consortium.ascentia.top\/sl\/wp-json\/wp\/v2\/product_tag?post=5403"}],"curies":[{"name":"wp","href":"https:\/\/api.w.org\/{rel}","templated":true}]}}