{"id":5316,"date":"2024-04-15T12:29:58","date_gmt":"2024-04-15T12:29:58","guid":{"rendered":"https:\/\/consortium.ascentia.top\/?post_type=product&#038;p=5316"},"modified":"2025-05-07T14:01:03","modified_gmt":"2025-05-07T14:01:03","slug":"amig-kutnik-1","status":"publish","type":"product","link":"http:\/\/consortium.ascentia.top\/sl\/trgovina\/vijcana-roba-i-okovi\/kutnici\/amig-kutnik-1\/","title":{"rendered":"Amig-kotnik 1"},"content":{"rendered":"<li>\u010celi\u010dni oja\u010dani kurnik kvadratnim rubovima<\/li>\n<li>Za sve vrste okvira vrata, prozora, komarnika, sita i sl. 4 rube za monta\u017eu<\/li>","protected":false},"excerpt":{"rendered":"<p>\u010celi\u010dni oja\u010dani kurnik kvadratnim rubovima Za sve vrste okvira vrata, prozora, komarnika, sita i sl. 4 rube za monta\u017eu<\/p>","protected":false},"featured_media":5317,"template":"","meta":[],"product_brand":[],"product_cat":[272,254],"product_tag":[],"class_list":{"0":"post-5316","1":"product","2":"type-product","3":"status-publish","4":"has-post-thumbnail","6":"product_cat-kutnici","7":"product_cat-vijcana-roba-i-okovi","9":"first","10":"instock","11":"shipping-taxable","12":"purchasable","13":"product-type-variable","14":"wvs-archive-product-wrapper"},"acf":[],"_links":{"self":[{"href":"http:\/\/consortium.ascentia.top\/sl\/wp-json\/wp\/v2\/product\/5316","targetHints":{"allow":["GET"]}}],"collection":[{"href":"http:\/\/consortium.ascentia.top\/sl\/wp-json\/wp\/v2\/product"}],"about":[{"href":"http:\/\/consortium.ascentia.top\/sl\/wp-json\/wp\/v2\/types\/product"}],"wp:featuredmedia":[{"embeddable":true,"href":"http:\/\/consortium.ascentia.top\/sl\/wp-json\/wp\/v2\/media\/5317"}],"wp:attachment":[{"href":"http:\/\/consortium.ascentia.top\/sl\/wp-json\/wp\/v2\/media?parent=5316"}],"wp:term":[{"taxonomy":"product_brand","embeddable":true,"href":"http:\/\/consortium.ascentia.top\/sl\/wp-json\/wp\/v2\/product_brand?post=5316"},{"taxonomy":"product_cat","embeddable":true,"href":"http:\/\/consortium.ascentia.top\/sl\/wp-json\/wp\/v2\/product_cat?post=5316"},{"taxonomy":"product_tag","embeddable":true,"href":"http:\/\/consortium.ascentia.top\/sl\/wp-json\/wp\/v2\/product_tag?post=5316"}],"curies":[{"name":"wp","href":"https:\/\/api.w.org\/{rel}","templated":true}]}}