{"id":5213,"date":"2024-04-04T11:14:55","date_gmt":"2024-04-04T11:14:55","guid":{"rendered":"https:\/\/consortium.ascentia.top\/?post_type=product&#038;p=5213"},"modified":"2025-05-07T13:59:42","modified_gmt":"2025-05-07T13:59:42","slug":"razdjelna-p-z-kutija-12-osiguraca","status":"publish","type":"product","link":"http:\/\/consortium.ascentia.top\/sl\/trgovina\/elektromaterijal\/sklopna-tehnika\/razvodne-kutije\/razdjelna-p-z-kutija-12-osiguraca\/","title":{"rendered":"Razdelilna P\/\u017d omarica 12 varovalk"},"content":{"rendered":"<li>Razvodni ormar pod\u017ebukni P\/\u017d s 12 osigura\u010da je izvrstan izbor za organizaciju elektri\u010dnih instalacija. <\/li>\n<li>Pru\u017ea sigurno i prakti\u010dno rje\u0161enje za raspodjelu elektri\u010dne energije u va\u0161em domu ili poslovnom prostoru.<\/li>\n<li>Svestrani dizajn i visoka kvaliteta \u010dine ovaj razvodni ormar pouzdanim i dugotrajnim izborom.<\/li>","protected":false},"excerpt":{"rendered":"<p>Razvodni ormar pod\u017ebukni P\/\u017d s 12 osigura\u010da je izvrstan izbor za organizaciju elektri\u010dnih instalacija. Pru\u017ea sigurno i prakti\u010dno rje\u0161enje za raspodjelu elektri\u010dne energije u va\u0161em domu ili poslovnom prostoru. Svestrani dizajn i visoka kvaliteta \u010dine ovaj razvodni ormar pouzdanim i dugotrajnim izborom.<\/p>","protected":false},"featured_media":5214,"template":"","meta":[],"product_brand":[],"product_cat":[239,249,242],"product_tag":[],"class_list":{"0":"post-5213","1":"product","2":"type-product","3":"status-publish","4":"has-post-thumbnail","6":"product_cat-elektromaterijal","7":"product_cat-razvodne-kutije","8":"product_cat-sklopna-tehnika","10":"first","11":"instock","12":"shipping-taxable","13":"purchasable","14":"product-type-simple"},"acf":[],"_links":{"self":[{"href":"http:\/\/consortium.ascentia.top\/sl\/wp-json\/wp\/v2\/product\/5213","targetHints":{"allow":["GET"]}}],"collection":[{"href":"http:\/\/consortium.ascentia.top\/sl\/wp-json\/wp\/v2\/product"}],"about":[{"href":"http:\/\/consortium.ascentia.top\/sl\/wp-json\/wp\/v2\/types\/product"}],"wp:featuredmedia":[{"embeddable":true,"href":"http:\/\/consortium.ascentia.top\/sl\/wp-json\/wp\/v2\/media\/5214"}],"wp:attachment":[{"href":"http:\/\/consortium.ascentia.top\/sl\/wp-json\/wp\/v2\/media?parent=5213"}],"wp:term":[{"taxonomy":"product_brand","embeddable":true,"href":"http:\/\/consortium.ascentia.top\/sl\/wp-json\/wp\/v2\/product_brand?post=5213"},{"taxonomy":"product_cat","embeddable":true,"href":"http:\/\/consortium.ascentia.top\/sl\/wp-json\/wp\/v2\/product_cat?post=5213"},{"taxonomy":"product_tag","embeddable":true,"href":"http:\/\/consortium.ascentia.top\/sl\/wp-json\/wp\/v2\/product_tag?post=5213"}],"curies":[{"name":"wp","href":"https:\/\/api.w.org\/{rel}","templated":true}]}}