{"id":5211,"date":"2024-04-04T11:13:16","date_gmt":"2024-04-04T11:13:16","guid":{"rendered":"https:\/\/consortium.ascentia.top\/?post_type=product&#038;p=5211"},"modified":"2025-05-07T13:59:42","modified_gmt":"2025-05-07T13:59:42","slug":"razdjelna-p-z-kutija-8-osiguraca","status":"publish","type":"product","link":"http:\/\/consortium.ascentia.top\/sl\/trgovina\/elektromaterijal\/sklopna-tehnika\/razvodne-kutije\/razdjelna-p-z-kutija-8-osiguraca\/","title":{"rendered":"Razdelilna P\/\u017d omarica 8 varovalk"},"content":{"rendered":"<li>Razvodni ormar P\/\u017d 8 OSIG. je idealan za organiziranu distribuciju elektri\u010dne energije u va\u0161em domu ili poslovnom prostoru. <\/li>\n<li>Sa 8 osigura\u010da, ovaj pod\u017ebukni ormar je pouzdan i \u0161titi va\u0161u elektri\u010dnu instalaciju od preoptere\u0107enja i kratkog spoja.<\/li>\n<li>Jednostavan za monta\u017eu i sa atraktivnim dizajnom, ovaj razvodni ormar \u0107e zadovoljiti sve va\u0161e potrebe za sigurnim i funkcionalnim elektri\u010dnim sustavom.<\/li>","protected":false},"excerpt":{"rendered":"<p>Razvodni ormar P\/\u017d 8 OSIG. je idealan za organiziranu distribuciju elektri\u010dne energije u va\u0161em domu ili poslovnom prostoru. Sa 8 osigura\u010da, ovaj pod\u017ebukni ormar je pouzdan i \u0161titi va\u0161u elektri\u010dnu instalaciju od preoptere\u0107enja i kratkog spoja. Jednostavan za monta\u017eu i sa atraktivnim dizajnom, ovaj razvodni ormar \u0107e zadovoljiti sve va\u0161e potrebe za sigurnim i funkcionalnim [&hellip;]<\/p>","protected":false},"featured_media":5212,"template":"","meta":[],"product_brand":[],"product_cat":[239,249,242],"product_tag":[],"class_list":{"0":"post-5211","1":"product","2":"type-product","3":"status-publish","4":"has-post-thumbnail","6":"product_cat-elektromaterijal","7":"product_cat-razvodne-kutije","8":"product_cat-sklopna-tehnika","10":"first","11":"instock","12":"shipping-taxable","13":"purchasable","14":"product-type-simple"},"acf":[],"_links":{"self":[{"href":"http:\/\/consortium.ascentia.top\/sl\/wp-json\/wp\/v2\/product\/5211","targetHints":{"allow":["GET"]}}],"collection":[{"href":"http:\/\/consortium.ascentia.top\/sl\/wp-json\/wp\/v2\/product"}],"about":[{"href":"http:\/\/consortium.ascentia.top\/sl\/wp-json\/wp\/v2\/types\/product"}],"wp:featuredmedia":[{"embeddable":true,"href":"http:\/\/consortium.ascentia.top\/sl\/wp-json\/wp\/v2\/media\/5212"}],"wp:attachment":[{"href":"http:\/\/consortium.ascentia.top\/sl\/wp-json\/wp\/v2\/media?parent=5211"}],"wp:term":[{"taxonomy":"product_brand","embeddable":true,"href":"http:\/\/consortium.ascentia.top\/sl\/wp-json\/wp\/v2\/product_brand?post=5211"},{"taxonomy":"product_cat","embeddable":true,"href":"http:\/\/consortium.ascentia.top\/sl\/wp-json\/wp\/v2\/product_cat?post=5211"},{"taxonomy":"product_tag","embeddable":true,"href":"http:\/\/consortium.ascentia.top\/sl\/wp-json\/wp\/v2\/product_tag?post=5211"}],"curies":[{"name":"wp","href":"https:\/\/api.w.org\/{rel}","templated":true}]}}