{"id":5207,"date":"2024-04-04T11:10:21","date_gmt":"2024-04-04T11:10:21","guid":{"rendered":"https:\/\/consortium.ascentia.top\/?post_type=product&#038;p=5207"},"modified":"2025-05-07T13:59:01","modified_gmt":"2025-05-07T13:59:01","slug":"led-zarulja-85w-e27","status":"publish","type":"product","link":"http:\/\/consortium.ascentia.top\/sl\/trgovina\/elektromaterijal\/rasvjeta\/zarulje\/led-zarulja-85w-e27\/","title":{"rendered":"LED \u017earnica 8W, E27"},"content":{"rendered":"<p>Z uporabo LED \u017earnic se dose\u017ee do 85 % prihranek energije v primerjavi s klasi\u010dnimi \u017earnicami z \u017earilno nitko. \u017divljenjska doba 15.000 delovnih ur omogo\u010da dolgotrajno uporabo brez potrebe po pogosti menjavi \u017earnic, zato je LED razsvetljava okolju najbolj prijazen na\u010din osvetlitve.<\/p>\n<p>Prednosti v primerjavi s fluorescentnimi var\u010dnimi \u017earnicami vklju\u010dujejo zmanj\u0161ano porabo elektri\u010dne energije, dalj\u0161o \u017eivljenjsko dobo in odpornost na pogosto vklapljanje in izklapljanje.<\/p>\n<p>LED \u017earnice ne vsebujejo strupenih snovi (\u017eivega srebra, svinca, plinov \u2026), ne oddajajo \u0161kodljivega UV in IR sevanja ter omogo\u010dajo stabilno osvetlitev brez utripanja in brnenja.<\/p>\n<p><strong>Tehni\u010dne informacije:<\/strong><\/p>\n<p>Baza: E27<br \/>\nBroj ON\/OFF ciklusa: 15.000<br \/>\nIndeks uzvrata boje: RA &gt;80<br \/>\nNazivni napon: 220-240 V~<br \/>\nOblik: G45<br \/>\nSnaga: 8 W<br \/>\nSvjetlosni tok: 806 lm<br \/>\nTemperatura svjetla: 4000 K<br \/>\n\u017divotni vijek: 15.000 h<\/p>","protected":false},"excerpt":{"rendered":"<p>Upotrebom LED \u017earulja ostvaruje se u\u0161teda energije \u010dak do 85% u odnosu na klasi\u010dne \u017earulje sa \u017earnom niti. \u017divotni vijek od 15.000 radnih sati omogu\u0107uje dugogodi\u0161nje kori\u0161tenje bez potrebe za u\u010destalom izmjenom \u017earulja, pa je iz tog razloga LED rasvjeta ekolo\u0161ki najprihvatljiviji na\u010din osvjetljenja. Prednosti u odnosu na fluorescentne \u0161tedne \u017earulje su smanjena potro\u0161nja elektri\u010dne [&hellip;]<\/p>","protected":false},"featured_media":5208,"template":"","meta":[],"product_brand":[],"product_cat":[239,243,250],"product_tag":[],"class_list":{"0":"post-5207","1":"product","2":"type-product","3":"status-publish","4":"has-post-thumbnail","6":"product_cat-elektromaterijal","7":"product_cat-rasvjeta","8":"product_cat-zarulje","10":"first","11":"instock","12":"shipping-taxable","13":"purchasable","14":"product-type-simple"},"acf":[],"_links":{"self":[{"href":"http:\/\/consortium.ascentia.top\/sl\/wp-json\/wp\/v2\/product\/5207","targetHints":{"allow":["GET"]}}],"collection":[{"href":"http:\/\/consortium.ascentia.top\/sl\/wp-json\/wp\/v2\/product"}],"about":[{"href":"http:\/\/consortium.ascentia.top\/sl\/wp-json\/wp\/v2\/types\/product"}],"wp:featuredmedia":[{"embeddable":true,"href":"http:\/\/consortium.ascentia.top\/sl\/wp-json\/wp\/v2\/media\/5208"}],"wp:attachment":[{"href":"http:\/\/consortium.ascentia.top\/sl\/wp-json\/wp\/v2\/media?parent=5207"}],"wp:term":[{"taxonomy":"product_brand","embeddable":true,"href":"http:\/\/consortium.ascentia.top\/sl\/wp-json\/wp\/v2\/product_brand?post=5207"},{"taxonomy":"product_cat","embeddable":true,"href":"http:\/\/consortium.ascentia.top\/sl\/wp-json\/wp\/v2\/product_cat?post=5207"},{"taxonomy":"product_tag","embeddable":true,"href":"http:\/\/consortium.ascentia.top\/sl\/wp-json\/wp\/v2\/product_tag?post=5207"}],"curies":[{"name":"wp","href":"https:\/\/api.w.org\/{rel}","templated":true}]}}