{"id":5195,"date":"2024-04-04T10:58:31","date_gmt":"2024-04-04T10:58:31","guid":{"rendered":"https:\/\/consortium.ascentia.top\/?post_type=product&#038;p=5195"},"modified":"2025-05-07T13:57:42","modified_gmt":"2025-05-07T13:57:42","slug":"automatski-osigurac-b-10a","status":"publish","type":"product","link":"http:\/\/consortium.ascentia.top\/sl\/trgovina\/elektromaterijal\/sklopna-tehnika\/osiguraci\/automatski-osigurac-b-10a\/","title":{"rendered":"Samodejna varovalka B 10A"},"content":{"rendered":"<p>Varovalke imajo karakteristiko B, ki zagotavlja hitro odzivanje in takoj\u0161njo prekinitev tokokroga v nevarnih situacijah.<br \/>\n- Mo\u017enost priklopa na igli\u010dno in vilasto zbiralko.<br \/>\n- Mo\u017enost monta\u017ee na DIN letev \u0161irine 35 mm.<br \/>\n- Delovna temperatura okolja: od -5\u00b0 do +40\u00b0C.<br \/>\n- Kapaciteta sprejema vodnikov:<br \/>\n* 16 mm\u00b2 fleksibilni ali 25 mm\u00b2 togi do vrednosti 25A.<br \/>\n* 25 mm\u00b2 fleksibilni ali 35 mm\u00b2 togi od vrednosti 32A do 63A.<br \/>\n- Okence za ozna\u010devanje, napis.<br \/>\n- Barvni indikator stanja.<\/p>","protected":false},"excerpt":{"rendered":"<p>Osigura\u010di imaju B karakteristiku koja osigurava brzo reagiranje i momentalno prekidanje strujnog kruga u opasnim situacijama. - mogu\u0107nost nizanja na igli\u010dastu i vili\u010dastu sabirnicu - mogu\u0107nost monta\u017ee na DIN \u0161inu od 35 mm - temperatura okoline od -5\u00b0 do + 40\u00b0C - kapacitet prihvata vodi\u010da: * 16 mm\u00b2 fleksibilni ili 25 mm\u00b2 kruti do vrijednosti [&hellip;]<\/p>","protected":false},"featured_media":5196,"template":"","meta":[],"product_brand":[],"product_cat":[239,247,242],"product_tag":[],"class_list":{"0":"post-5195","1":"product","2":"type-product","3":"status-publish","4":"has-post-thumbnail","6":"product_cat-elektromaterijal","7":"product_cat-osiguraci","8":"product_cat-sklopna-tehnika","10":"first","11":"instock","12":"shipping-taxable","13":"purchasable","14":"product-type-simple"},"acf":[],"_links":{"self":[{"href":"http:\/\/consortium.ascentia.top\/sl\/wp-json\/wp\/v2\/product\/5195","targetHints":{"allow":["GET"]}}],"collection":[{"href":"http:\/\/consortium.ascentia.top\/sl\/wp-json\/wp\/v2\/product"}],"about":[{"href":"http:\/\/consortium.ascentia.top\/sl\/wp-json\/wp\/v2\/types\/product"}],"wp:featuredmedia":[{"embeddable":true,"href":"http:\/\/consortium.ascentia.top\/sl\/wp-json\/wp\/v2\/media\/5196"}],"wp:attachment":[{"href":"http:\/\/consortium.ascentia.top\/sl\/wp-json\/wp\/v2\/media?parent=5195"}],"wp:term":[{"taxonomy":"product_brand","embeddable":true,"href":"http:\/\/consortium.ascentia.top\/sl\/wp-json\/wp\/v2\/product_brand?post=5195"},{"taxonomy":"product_cat","embeddable":true,"href":"http:\/\/consortium.ascentia.top\/sl\/wp-json\/wp\/v2\/product_cat?post=5195"},{"taxonomy":"product_tag","embeddable":true,"href":"http:\/\/consortium.ascentia.top\/sl\/wp-json\/wp\/v2\/product_tag?post=5195"}],"curies":[{"name":"wp","href":"https:\/\/api.w.org\/{rel}","templated":true}]}}