{"id":5188,"date":"2024-04-04T10:53:41","date_gmt":"2024-04-04T10:53:41","guid":{"rendered":"https:\/\/consortium.ascentia.top\/?post_type=product&#038;p=5188"},"modified":"2025-05-07T13:59:40","modified_gmt":"2025-05-07T13:59:40","slug":"produzni-kabel-3-15m-bez-prekidaca","status":"publish","type":"product","link":"http:\/\/consortium.ascentia.top\/sl\/trgovina\/elektromaterijal\/instalacijski-sustavi\/kablovi\/produzni-kabel-3-15m-bez-prekidaca\/","title":{"rendered":"Podalj\u0161ek 3\/1,5M brez stikala"},"content":{"rendered":"<li>Produ\u017ena priklju\u010dnica<\/li>\n<li>3 uti\u010dna mjesta <\/li>\n<li>1,5 metar kabla<\/li>\n<li>Max optere\u0107enje: 3500VA<\/li>","protected":false},"excerpt":{"rendered":"<p>Produ\u017ena priklju\u010dnica 3 uti\u010dna mjesta 1,5 metar kabla Max optere\u0107enje: 3500VA<\/p>","protected":false},"featured_media":5189,"template":"","meta":[],"product_brand":[],"product_cat":[239,240,245],"product_tag":[],"class_list":{"0":"post-5188","1":"product","2":"type-product","3":"status-publish","4":"has-post-thumbnail","6":"product_cat-elektromaterijal","7":"product_cat-instalacijski-sustavi","8":"product_cat-kablovi","10":"first","11":"instock","12":"shipping-taxable","13":"purchasable","14":"product-type-simple"},"acf":[],"_links":{"self":[{"href":"http:\/\/consortium.ascentia.top\/sl\/wp-json\/wp\/v2\/product\/5188","targetHints":{"allow":["GET"]}}],"collection":[{"href":"http:\/\/consortium.ascentia.top\/sl\/wp-json\/wp\/v2\/product"}],"about":[{"href":"http:\/\/consortium.ascentia.top\/sl\/wp-json\/wp\/v2\/types\/product"}],"wp:featuredmedia":[{"embeddable":true,"href":"http:\/\/consortium.ascentia.top\/sl\/wp-json\/wp\/v2\/media\/5189"}],"wp:attachment":[{"href":"http:\/\/consortium.ascentia.top\/sl\/wp-json\/wp\/v2\/media?parent=5188"}],"wp:term":[{"taxonomy":"product_brand","embeddable":true,"href":"http:\/\/consortium.ascentia.top\/sl\/wp-json\/wp\/v2\/product_brand?post=5188"},{"taxonomy":"product_cat","embeddable":true,"href":"http:\/\/consortium.ascentia.top\/sl\/wp-json\/wp\/v2\/product_cat?post=5188"},{"taxonomy":"product_tag","embeddable":true,"href":"http:\/\/consortium.ascentia.top\/sl\/wp-json\/wp\/v2\/product_tag?post=5188"}],"curies":[{"name":"wp","href":"https:\/\/api.w.org\/{rel}","templated":true}]}}