{"id":5182,"date":"2024-04-04T10:46:45","date_gmt":"2024-04-04T10:46:45","guid":{"rendered":"https:\/\/consortium.ascentia.top\/?post_type=product&#038;p=5182"},"modified":"2025-05-07T13:58:59","modified_gmt":"2025-05-07T13:58:59","slug":"ksa-dupla-telefonska-prikljucnica","status":"publish","type":"product","link":"http:\/\/consortium.ascentia.top\/sl\/trgovina\/elektromaterijal\/instalacijski-sustavi\/prekidaci-i-prikljucnice\/ksa-dupla-telefonska-prikljucnica\/","title":{"rendered":"KSA dvojna telefonska vti\u010dnica"},"content":{"rendered":"<li>Telefonska priklju\u010dnica dvojna RJ12 6\/4 z dvema lo\u010denima linijama<\/li>\n<li>Vgradnja v zid v monta\u017eno dozo \u00d870 s pomo\u010djo objemk ali vijakov<\/li>\n<li>Dimenzije (d, v, \u0161): 80mm x 80mm x 36mm<\/li>\n<li>Standard: IEC 60603-7<\/li>","protected":false},"excerpt":{"rendered":"<p>Priklju\u010dnica telefonska dvostruka RJ12 6\/4 sa dvije odvojene linije Ugradnja u zid u monta\u017enu kutiju \u00d870 pomo\u0107u stega\u010da ili vijaka Dimenzije (d, v, \u0161): 80mm x 80mm x 36mm Standard: IEC 60603-7<\/p>","protected":false},"featured_media":5183,"template":"","meta":[],"product_brand":[],"product_cat":[239,240,244],"product_tag":[],"class_list":{"0":"post-5182","1":"product","2":"type-product","3":"status-publish","4":"has-post-thumbnail","6":"product_cat-elektromaterijal","7":"product_cat-instalacijski-sustavi","8":"product_cat-prekidaci-i-prikljucnice","10":"first","11":"instock","12":"shipping-taxable","13":"purchasable","14":"product-type-simple"},"acf":[],"_links":{"self":[{"href":"http:\/\/consortium.ascentia.top\/sl\/wp-json\/wp\/v2\/product\/5182","targetHints":{"allow":["GET"]}}],"collection":[{"href":"http:\/\/consortium.ascentia.top\/sl\/wp-json\/wp\/v2\/product"}],"about":[{"href":"http:\/\/consortium.ascentia.top\/sl\/wp-json\/wp\/v2\/types\/product"}],"wp:featuredmedia":[{"embeddable":true,"href":"http:\/\/consortium.ascentia.top\/sl\/wp-json\/wp\/v2\/media\/5183"}],"wp:attachment":[{"href":"http:\/\/consortium.ascentia.top\/sl\/wp-json\/wp\/v2\/media?parent=5182"}],"wp:term":[{"taxonomy":"product_brand","embeddable":true,"href":"http:\/\/consortium.ascentia.top\/sl\/wp-json\/wp\/v2\/product_brand?post=5182"},{"taxonomy":"product_cat","embeddable":true,"href":"http:\/\/consortium.ascentia.top\/sl\/wp-json\/wp\/v2\/product_cat?post=5182"},{"taxonomy":"product_tag","embeddable":true,"href":"http:\/\/consortium.ascentia.top\/sl\/wp-json\/wp\/v2\/product_tag?post=5182"}],"curies":[{"name":"wp","href":"https:\/\/api.w.org\/{rel}","templated":true}]}}