{"id":5176,"date":"2024-04-04T10:42:18","date_gmt":"2024-04-04T10:42:18","guid":{"rendered":"https:\/\/consortium.ascentia.top\/?post_type=product&#038;p=5176"},"modified":"2025-05-07T13:58:44","modified_gmt":"2025-05-07T13:58:44","slug":"informaticka-uticnica-2xrj45","status":"publish","type":"product","link":"http:\/\/consortium.ascentia.top\/sl\/trgovina\/elektromaterijal\/instalacijski-sustavi\/prekidaci-i-prikljucnice\/informaticka-uticnica-2xrj45\/","title":{"rendered":"Informacijska vti\u010dnica 2xRJ45"},"content":{"rendered":"<li>Komunikacijska vti\u010dnica dvojna s Keystone moduli RJ45 Cat5e, UTP<\/li>\n<li>Vgradnja v zid v monta\u017eno dozo \u00d860 s pomo\u010djo objemk ali vijakov<\/li>\n<li>Namestitev vodnikov brez uporabe orodja<\/li>\n<li>Povezava v skladu s standardom TIA\/EIA - 568A ali 568B za razporeditev paric<\/li>\n<li>Dimenzije (d, v, \u0161): 80mm x 80mm x 37mm<\/li>\n<li>Standard: IEC 60603-7<\/li>","protected":false},"excerpt":{"rendered":"<p>Priklju\u010dnica komunikacijska dvostruka sa Keystone modulima RJ45 Cat5e, UTP Ugradnja u zid u monta\u017enu kutiju \u00d860 pomo\u0107u stega\u010da ili vijaka Monta\u017ea provodnika bez upotrebe alata Spajanje prema TIA\/EIA - 568A ili 568B standardu za raspored parica Dimenzije (d, v, \u0161): 80mm x 80mm x 37mm Standard: IEC 60603-7<\/p>","protected":false},"featured_media":5177,"template":"","meta":[],"product_brand":[],"product_cat":[239,240,244],"product_tag":[],"class_list":{"0":"post-5176","1":"product","2":"type-product","3":"status-publish","4":"has-post-thumbnail","6":"product_cat-elektromaterijal","7":"product_cat-instalacijski-sustavi","8":"product_cat-prekidaci-i-prikljucnice","10":"first","11":"instock","12":"shipping-taxable","13":"purchasable","14":"product-type-simple"},"acf":[],"_links":{"self":[{"href":"http:\/\/consortium.ascentia.top\/sl\/wp-json\/wp\/v2\/product\/5176","targetHints":{"allow":["GET"]}}],"collection":[{"href":"http:\/\/consortium.ascentia.top\/sl\/wp-json\/wp\/v2\/product"}],"about":[{"href":"http:\/\/consortium.ascentia.top\/sl\/wp-json\/wp\/v2\/types\/product"}],"wp:featuredmedia":[{"embeddable":true,"href":"http:\/\/consortium.ascentia.top\/sl\/wp-json\/wp\/v2\/media\/5177"}],"wp:attachment":[{"href":"http:\/\/consortium.ascentia.top\/sl\/wp-json\/wp\/v2\/media?parent=5176"}],"wp:term":[{"taxonomy":"product_brand","embeddable":true,"href":"http:\/\/consortium.ascentia.top\/sl\/wp-json\/wp\/v2\/product_brand?post=5176"},{"taxonomy":"product_cat","embeddable":true,"href":"http:\/\/consortium.ascentia.top\/sl\/wp-json\/wp\/v2\/product_cat?post=5176"},{"taxonomy":"product_tag","embeddable":true,"href":"http:\/\/consortium.ascentia.top\/sl\/wp-json\/wp\/v2\/product_tag?post=5176"}],"curies":[{"name":"wp","href":"https:\/\/api.w.org\/{rel}","templated":true}]}}