{"id":5174,"date":"2024-04-04T10:40:53","date_gmt":"2024-04-04T10:40:53","guid":{"rendered":"https:\/\/consortium.ascentia.top\/?post_type=product&#038;p=5174"},"modified":"2025-05-07T13:58:21","modified_gmt":"2025-05-07T13:58:21","slug":"dupla-suko-prikljucnica-16a-604","status":"publish","type":"product","link":"http:\/\/consortium.ascentia.top\/sl\/trgovina\/elektromaterijal\/instalacijski-sustavi\/prekidaci-i-prikljucnice\/dupla-suko-prikljucnica-16a-604\/","title":{"rendered":"Dvojna \u0161uko vti\u010dnica 16A (604)"},"content":{"rendered":"<li>Dvojna dvopolna vti\u010dnica s polikarbonatnim jedrom<\/li>\n<li>Brez mo\u017enosti vgradnje v ve\u010dslojne maske<\/li>\n<li>Vgradnja v zid v monta\u017eno dozo \u00d860 s pomo\u010djo objemk ali vijakov<\/li>\n<li>Nazivni tok\/napetost: 16A \/ 250V~<\/li>\n<li>Dimenzije (d, v, \u0161): 80mm x 123mm x 41mm<\/li>\n<li>Standard: IEC 60884-1<\/li>","protected":false},"excerpt":{"rendered":"<p>Priklju\u010dnica dvopolna dvostruka sa polikarbonatskim jezgrom Nema mogu\u0107nosti ugradnje u vi\u0161estruke maske Ugradnja u zid u monta\u017enu kutiju \u00d860 pomo\u0107u stega\u010da ili vijaka Nominalni struja\/napon: 16A \/ 250V~ Dimenzije (d, v, \u0161): 80mm x 123mm x 41mm Standard: IEC 60884-1<\/p>","protected":false},"featured_media":5175,"template":"","meta":[],"product_brand":[],"product_cat":[239,240,244],"product_tag":[],"class_list":{"0":"post-5174","1":"product","2":"type-product","3":"status-publish","4":"has-post-thumbnail","6":"product_cat-elektromaterijal","7":"product_cat-instalacijski-sustavi","8":"product_cat-prekidaci-i-prikljucnice","10":"first","11":"outofstock","12":"shipping-taxable","13":"purchasable","14":"product-type-simple"},"acf":[],"_links":{"self":[{"href":"http:\/\/consortium.ascentia.top\/sl\/wp-json\/wp\/v2\/product\/5174","targetHints":{"allow":["GET"]}}],"collection":[{"href":"http:\/\/consortium.ascentia.top\/sl\/wp-json\/wp\/v2\/product"}],"about":[{"href":"http:\/\/consortium.ascentia.top\/sl\/wp-json\/wp\/v2\/types\/product"}],"wp:featuredmedia":[{"embeddable":true,"href":"http:\/\/consortium.ascentia.top\/sl\/wp-json\/wp\/v2\/media\/5175"}],"wp:attachment":[{"href":"http:\/\/consortium.ascentia.top\/sl\/wp-json\/wp\/v2\/media?parent=5174"}],"wp:term":[{"taxonomy":"product_brand","embeddable":true,"href":"http:\/\/consortium.ascentia.top\/sl\/wp-json\/wp\/v2\/product_brand?post=5174"},{"taxonomy":"product_cat","embeddable":true,"href":"http:\/\/consortium.ascentia.top\/sl\/wp-json\/wp\/v2\/product_cat?post=5174"},{"taxonomy":"product_tag","embeddable":true,"href":"http:\/\/consortium.ascentia.top\/sl\/wp-json\/wp\/v2\/product_tag?post=5174"}],"curies":[{"name":"wp","href":"https:\/\/api.w.org\/{rel}","templated":true}]}}