{"id":5170,"date":"2024-04-04T10:38:35","date_gmt":"2024-04-04T10:38:35","guid":{"rendered":"https:\/\/consortium.ascentia.top\/?post_type=product&#038;p=5170"},"modified":"2025-05-07T13:59:55","modified_gmt":"2025-05-07T13:59:55","slug":"sklopka-izmjenicna-10a-250v-n-z-ip20","status":"publish","type":"product","link":"http:\/\/consortium.ascentia.top\/sl\/trgovina\/elektromaterijal\/instalacijski-sustavi\/prekidaci-i-prikljucnice\/sklopka-izmjenicna-10a-250v-n-z-ip20\/","title":{"rendered":"Izmeni\u010dno stikalo 10A-250V N\/\u017d IP20"},"content":{"rendered":"<li>Stikalo izmeni\u010dno<\/li>\n<li>Vgradnja v zid v monta\u017eno dozo \u00d860 s pomo\u010djo objemk ali vijakov<\/li>\n<li>Nazivni tok\/napetost: 10A \/ 250V~<\/li>\n<li>Dimenzije (d, v, \u0161): 80 mm x 80 mm x 43 mm<\/li>\n<li>Standard: IEC 60669-1<\/li>","protected":false},"excerpt":{"rendered":"<p>Sklopka naizmjeni\u010dna Ugradnja u zid u monta\u017enu kutiju \u00d860 pomo\u0107u stega\u010da ili vijaka Nominalni struja\/napon: 10A \/ 250V~ Dimenzije (d, v, \u0161): 80mm x 80mm x 43mm Standard: IEC 60669-1<\/p>","protected":false},"featured_media":5171,"template":"","meta":[],"product_brand":[],"product_cat":[239,240,244],"product_tag":[],"class_list":{"0":"post-5170","1":"product","2":"type-product","3":"status-publish","4":"has-post-thumbnail","6":"product_cat-elektromaterijal","7":"product_cat-instalacijski-sustavi","8":"product_cat-prekidaci-i-prikljucnice","10":"first","11":"instock","12":"shipping-taxable","13":"purchasable","14":"product-type-simple"},"acf":[],"_links":{"self":[{"href":"http:\/\/consortium.ascentia.top\/sl\/wp-json\/wp\/v2\/product\/5170","targetHints":{"allow":["GET"]}}],"collection":[{"href":"http:\/\/consortium.ascentia.top\/sl\/wp-json\/wp\/v2\/product"}],"about":[{"href":"http:\/\/consortium.ascentia.top\/sl\/wp-json\/wp\/v2\/types\/product"}],"wp:featuredmedia":[{"embeddable":true,"href":"http:\/\/consortium.ascentia.top\/sl\/wp-json\/wp\/v2\/media\/5171"}],"wp:attachment":[{"href":"http:\/\/consortium.ascentia.top\/sl\/wp-json\/wp\/v2\/media?parent=5170"}],"wp:term":[{"taxonomy":"product_brand","embeddable":true,"href":"http:\/\/consortium.ascentia.top\/sl\/wp-json\/wp\/v2\/product_brand?post=5170"},{"taxonomy":"product_cat","embeddable":true,"href":"http:\/\/consortium.ascentia.top\/sl\/wp-json\/wp\/v2\/product_cat?post=5170"},{"taxonomy":"product_tag","embeddable":true,"href":"http:\/\/consortium.ascentia.top\/sl\/wp-json\/wp\/v2\/product_tag?post=5170"}],"curies":[{"name":"wp","href":"https:\/\/api.w.org\/{rel}","templated":true}]}}