{"id":5128,"date":"2024-04-04T10:06:08","date_gmt":"2024-04-04T10:06:08","guid":{"rendered":"https:\/\/consortium.ascentia.top\/?post_type=product&#038;p=5128"},"modified":"2025-05-16T07:16:40","modified_gmt":"2025-05-16T07:16:40","slug":"weber-razilit-plus-3-30mm","status":"publish","type":"product","link":"http:\/\/consortium.ascentia.top\/sl\/trgovina\/prasina\/nivelirajuce-mase\/weber-razilit-plus-3-30mm\/","title":{"rendered":"Weber Razilit Plus 3-30mm"},"content":{"rendered":"<div class=\"field field--name-field-subtitle-long field--type-string-long field--label-hidden field--name-field-subtitle-long--1 field__item read-more-text\" data-index=\"0\">Da bi prenova kuhinje, spalnice ali katere koli druge sobe potekala gladko, so potrebna ravna tla. Tukaj prisko\u010di na pomo\u010d weber.niv razilit plus, samorazlivna masa za izravnavo notranjih talnih povr\u0161in. Z Weber maso si olaj\u0161ajte naslednje faze prenove ali gradnje.<\/div>\n<div data-index=\"0\"><\/div>\n<div data-index=\"0\">\n<p><strong>Priprava in uporaba:<\/strong><\/p>\n<ul>\n<li>Podloga mora biti \u010dvrsta, \u010dista, odma\u0161\u0107ena, otpra\u0161ena i navla\u017eena<\/li>\n<li>Samoniveliraju\u0107a masa se mora dobro promije\u0161ati prije razlijevanja<\/li>\n<li>25kg proizvoda treba lagano dodati u 4,5-5l vode uz mije\u0161anje mikserom na niskoj brzini dok se ne postigne homogenost mase<\/li>\n<li>Ostavljamo da odstoji 2 minute, pa ga je potrebno ponovo promije\u0161ati prije nano\u0161enja<\/li>\n<li>Weber.niv razilit plus nanosi se izlijevanjem na podlogu<\/li>\n<li>Vi\u0161ak mase treba ra\u0161iriti u uglove i druge te\u017ee dostupne dijelove podloge pomo\u0107u lopatice ili gleterice<\/li>\n<li>Podlogu finalno treba izravnati valjkom s iglicama kako bi se istisnuo zrak<\/li>\n<\/ul>\n<p><strong>Karakteristike in prednosti:<\/strong><\/p>\n<ul>\n<li>Samoniveliraju\u0107a masa za izravnavanje unutarnjih podnih povr\u0161ina koja se koristi prije postavljanja parketa, laminata, plo\u010dica, PVC podova, linoleuma, tepiha i drugih podnih obloga<\/li>\n<li>Izra\u0111ena od kvalitetnih punila, mineralnih i visokokvalitetnih polimernih veziva i odgovaraju\u0107ih aditiva<\/li>\n<li>Potro\u0161nja cca 1,55 kg\/m2 \/mm<\/li>\n<li>Mo\u017ee se aplicirati u debljinama do 30 mm<\/li>\n<\/ul>\n<p><strong>Omejitve uporabe:<\/strong><\/p>\n<ul>\n<li>Temperatura zraka i podloge za rad treba biti iznad 5\u00b0C i ispod 30\u00b0C<\/li>\n<\/ul>\n<\/div>","protected":false},"excerpt":{"rendered":"<p>Kako bi renoviranje kuhinje, spava\u0107e sobe ili neke druge prostorije pro\u0161lo glatko potrebni su vam ravni podovi. Tu uska\u010de weber.niv razilit plus samoniveliraju\u0107a masa za izravnavanje unutarnjih podnih povr\u0161ina. S Weber masom olak\u0161ajte si sljede\u0107e faze renovacije ili izgradnje. Priprema i kori\u0161tenje Podloga mora biti \u010dvrsta, \u010dista, odma\u0161\u0107ena, otpra\u0161ena i navla\u017eena Samoniveliraju\u0107a masa se mora [&hellip;]<\/p>","protected":false},"featured_media":5130,"template":"","meta":[],"product_brand":[],"product_cat":[213,209],"product_tag":[],"class_list":{"0":"post-5128","1":"product","2":"type-product","3":"status-publish","4":"has-post-thumbnail","6":"product_cat-nivelirajuce-mase","7":"product_cat-prasina","8":"product_shipping_class-bez-besplatne-dostave","10":"first","11":"instock","12":"shipping-taxable","13":"purchasable","14":"product-type-variable","15":"wvs-archive-product-wrapper"},"acf":[],"_links":{"self":[{"href":"http:\/\/consortium.ascentia.top\/sl\/wp-json\/wp\/v2\/product\/5128","targetHints":{"allow":["GET"]}}],"collection":[{"href":"http:\/\/consortium.ascentia.top\/sl\/wp-json\/wp\/v2\/product"}],"about":[{"href":"http:\/\/consortium.ascentia.top\/sl\/wp-json\/wp\/v2\/types\/product"}],"wp:featuredmedia":[{"embeddable":true,"href":"http:\/\/consortium.ascentia.top\/sl\/wp-json\/wp\/v2\/media\/5130"}],"wp:attachment":[{"href":"http:\/\/consortium.ascentia.top\/sl\/wp-json\/wp\/v2\/media?parent=5128"}],"wp:term":[{"taxonomy":"product_brand","embeddable":true,"href":"http:\/\/consortium.ascentia.top\/sl\/wp-json\/wp\/v2\/product_brand?post=5128"},{"taxonomy":"product_cat","embeddable":true,"href":"http:\/\/consortium.ascentia.top\/sl\/wp-json\/wp\/v2\/product_cat?post=5128"},{"taxonomy":"product_tag","embeddable":true,"href":"http:\/\/consortium.ascentia.top\/sl\/wp-json\/wp\/v2\/product_tag?post=5128"}],"curies":[{"name":"wp","href":"https:\/\/api.w.org\/{rel}","templated":true}]}}