{"id":5116,"date":"2024-03-29T14:31:58","date_gmt":"2024-03-29T14:31:58","guid":{"rendered":"https:\/\/consortium.ascentia.top\/?post_type=product&#038;p=5116"},"modified":"2025-05-07T13:59:54","modified_gmt":"2025-05-07T13:59:54","slug":"sikaflex-pro-3-wf","status":"publish","type":"product","link":"http:\/\/consortium.ascentia.top\/sl\/trgovina\/pu-pjene-ljepila-i-silikoni\/silikoni\/brtvila\/sikaflex-pro-3-wf\/","title":{"rendered":"Sikaflex Pro-3 WF"},"content":{"rendered":"<p><strong>Sikaflex\u00ae PRO-3 je enokomponentno, poliuretansko, trdno, obarvano, elasti\u010dno tesnilo za spoje, namenjeno tesnjenju razli\u010dnih vrst in konfiguracij spojev v tleh in gradbenih konstrukcijah. <\/strong><\/p>\n<ul>\n<li>Nudi vodoodporno tesnjenje z dobrimi mehanskimi lastnostmi, je odporen na kemikalije in ohranja elasti\u010dnost v \u0161irokem temperaturnem razponu.<\/li>\n<\/ul>","protected":false},"excerpt":{"rendered":"<p>Sikaflex\u00ae PRO-3 je jednokomponentno, poliuretansko, \u010dvrsto, obojeno, elasti\u010dno brtvilo za spojeve, za brtvljenje mnogih tipova i konfiguracija spojeva u podnim i gra\u0111evinskim konstrukcijama. Pru\u017ea vodootporno brtvljenje s dobrim mehani\u010dkim svojstvima, otporan je na kemikalije i ostaje elasti\u010dan u \u0161irokom rasponu temperatura.<\/p>","protected":false},"featured_media":8328,"template":"","meta":[],"product_brand":[],"product_cat":[309,197,200],"product_tag":[],"class_list":{"0":"post-5116","1":"product","2":"type-product","3":"status-publish","4":"has-post-thumbnail","6":"product_cat-brtvila","7":"product_cat-pu-pjene-ljepila-i-silikoni","8":"product_cat-silikoni","10":"first","11":"instock","12":"shipping-taxable","13":"purchasable","14":"product-type-variable","15":"wvs-archive-product-wrapper"},"acf":[],"_links":{"self":[{"href":"http:\/\/consortium.ascentia.top\/sl\/wp-json\/wp\/v2\/product\/5116","targetHints":{"allow":["GET"]}}],"collection":[{"href":"http:\/\/consortium.ascentia.top\/sl\/wp-json\/wp\/v2\/product"}],"about":[{"href":"http:\/\/consortium.ascentia.top\/sl\/wp-json\/wp\/v2\/types\/product"}],"wp:featuredmedia":[{"embeddable":true,"href":"http:\/\/consortium.ascentia.top\/sl\/wp-json\/wp\/v2\/media\/8328"}],"wp:attachment":[{"href":"http:\/\/consortium.ascentia.top\/sl\/wp-json\/wp\/v2\/media?parent=5116"}],"wp:term":[{"taxonomy":"product_brand","embeddable":true,"href":"http:\/\/consortium.ascentia.top\/sl\/wp-json\/wp\/v2\/product_brand?post=5116"},{"taxonomy":"product_cat","embeddable":true,"href":"http:\/\/consortium.ascentia.top\/sl\/wp-json\/wp\/v2\/product_cat?post=5116"},{"taxonomy":"product_tag","embeddable":true,"href":"http:\/\/consortium.ascentia.top\/sl\/wp-json\/wp\/v2\/product_tag?post=5116"}],"curies":[{"name":"wp","href":"https:\/\/api.w.org\/{rel}","templated":true}]}}