{"id":5111,"date":"2024-03-29T14:30:01","date_gmt":"2024-03-29T14:30:01","guid":{"rendered":"https:\/\/consortium.ascentia.top\/?post_type=product&#038;p=5111"},"modified":"2025-05-07T14:01:40","modified_gmt":"2025-05-07T14:01:40","slug":"sikamur-injectocream","status":"publish","type":"product","link":"http:\/\/consortium.ascentia.top\/sl\/trgovina\/polaganje-keramike\/hidroizolacija\/sikamur-injectocream\/","title":{"rendered":"SikaMur InjectoCream"},"content":{"rendered":"<p>ikaMur\u00ae InjectoCream-100 je nov koncept za nadzor kapilarne vlage. SikaMur\u00ae InjectoCream-100 je vodoodbojna kremasta masa, pakirana v porcijah po 600 ml ali v kartu\u0161ah po 300 ml. Injektira se v vrsto lukenj, ki so izvrtane v fugah stene, na preprost na\u010din z uporabo aplikacijske pi\u0161tole \u2013 brez potrebe po posebnih injekcijskih \u010drpalkah. Ko je enkrat injektiran v fuge stene, se SikaMur\u00ae InjectoCream-100 razlije v vla\u017eni steni, da tvori vodoodbojno pregrado \"Damp Proof Course\" (DPC), kar omogo\u010da su\u0161enje stene in prepre\u010duje prihodnjo vlago.<\/p>\n<p>SikaMur\u00ae InjectoCream-100 izpolnjuje zahteve WTA smernic 4-4-04\/D \"Injektiranje zidov za prepre\u010devanje kapilarne vlage\".<\/p>","protected":false},"excerpt":{"rendered":"<p>SikaMur\u00ae InjectoCream-100 je novi koncept za kontrolu kapilarne vlage. SikaMur\u00ae InjectoCream-100 je vodoodbojna kremasta masa, pakirana u 600ml porcijama, ili 300 ml kartu\u0161ama. Injektira se u niz rupa koje su izbu\u0161ene u fugama zida na jednostavan na\u010din, pomo\u0107u aplikacijskog pi\u0161tolja \u2013 nisu potrebne specijalne injekcione pumpe. Jednom injektiran u fuge zida, SikaMur\u00ae InjectoCream-100 \u0107e se [&hellip;]<\/p>","protected":false},"featured_media":5113,"template":"","meta":[],"product_brand":[],"product_cat":[217,214],"product_tag":[],"class_list":{"0":"post-5111","1":"product","2":"type-product","3":"status-publish","4":"has-post-thumbnail","6":"product_cat-hidroizolacija","7":"product_cat-polaganje-keramike","9":"first","10":"instock","11":"shipping-taxable","12":"purchasable","13":"product-type-variable","14":"wvs-archive-product-wrapper"},"acf":[],"_links":{"self":[{"href":"http:\/\/consortium.ascentia.top\/sl\/wp-json\/wp\/v2\/product\/5111","targetHints":{"allow":["GET"]}}],"collection":[{"href":"http:\/\/consortium.ascentia.top\/sl\/wp-json\/wp\/v2\/product"}],"about":[{"href":"http:\/\/consortium.ascentia.top\/sl\/wp-json\/wp\/v2\/types\/product"}],"wp:featuredmedia":[{"embeddable":true,"href":"http:\/\/consortium.ascentia.top\/sl\/wp-json\/wp\/v2\/media\/5113"}],"wp:attachment":[{"href":"http:\/\/consortium.ascentia.top\/sl\/wp-json\/wp\/v2\/media?parent=5111"}],"wp:term":[{"taxonomy":"product_brand","embeddable":true,"href":"http:\/\/consortium.ascentia.top\/sl\/wp-json\/wp\/v2\/product_brand?post=5111"},{"taxonomy":"product_cat","embeddable":true,"href":"http:\/\/consortium.ascentia.top\/sl\/wp-json\/wp\/v2\/product_cat?post=5111"},{"taxonomy":"product_tag","embeddable":true,"href":"http:\/\/consortium.ascentia.top\/sl\/wp-json\/wp\/v2\/product_tag?post=5111"}],"curies":[{"name":"wp","href":"https:\/\/api.w.org\/{rel}","templated":true}]}}