{"id":5094,"date":"2024-03-29T14:20:58","date_gmt":"2024-03-29T14:20:58","guid":{"rendered":"https:\/\/consortium.ascentia.top\/?post_type=product&#038;p=5094"},"modified":"2025-05-07T14:01:47","modified_gmt":"2025-05-07T14:01:47","slug":"weber-tec-d-protect","status":"publish","type":"product","link":"http:\/\/consortium.ascentia.top\/sl\/trgovina\/polaganje-keramike\/hidroizolacija\/weber-tec-d-protect\/","title":{"rendered":"Weber Tec. D-protect"},"content":{"rendered":"<ul>\n<li>Jednokomponentni hidroizolacijski premaz koji \u0107e va\u0161 prostor \u0161tititi od prodora vode<\/li>\n<li>Upotrebom Weber.tec D-protect dobivate dugotrajno rje\u0161enje za za\u0161titu od vode<\/li>\n<\/ul>\n<p><strong>Priprava in uporaba:<\/strong><\/p>\n<ul>\n<li>Podloga na koju se nanosi weber.tec D-protect mora biti \u010dvrsta, nosiva, o\u010di\u0161\u0107ena od masnih tragova pra\u0161ine i drugih ne\u010disto\u0107a<\/li>\n<li>Prije nano\u0161enja weber.tec D-protect, upijaju\u0107e podloge je potrebno pripremiti primerom<\/li>\n<li>Svi materijali koji smanjuju prianjanje (ostaci boje, kamenac, masno\u0107a, pra\u0161ina itd.) moraju se ukloniti<\/li>\n<li>Povr\u0161inska vla\u010dna \u010dvrsto\u0107a podloge izmjerena \u201epull off\u201c ispitivanjem mora biti &gt; 1,0 N \/ mm2<\/li>\n<li>Betonske podloge (min. 28 dana stare sa zaostalom vlagom \u2264 2%), cementni estrisi i mortovi na osnovi cementa i vapna (stari min. 28 dana sa zaostalom vlagom \u2264 1,5%) moraju se mehani\u010dki ohrapaviti i o\u010distiti od pra\u0161ine, a zatim premazati primerom weberprim 813<\/li>\n<li>Upojne i stare podloge premazati primerom weberprim 813 razrije\u0111enim u omjeru 1:3 \u010distom vodom, a neupojne podloge premazati nerazrije\u0111enim primerom weberprim 813 dva sata prije po\u010detka rada (temperatura 20\u00b0C, relativna vla\u017enost zraka do 65%).<\/li>\n<li><strong>PRIMJENA:<\/strong><\/li>\n<\/ul>\n<ol>\n<li>Nakon nano\u0161enja primera, a prije nano\u0161enja hidroizolacije, potrebno je sve kuteve i prodore<br \/>\ndodatno oja\u010dati hidroizolacijskim trakama, kutevima i man\u017eetama (webertec 828 traka \/ webertec butilna traka \/ webertec unutarnji kut \/ webertec vanjski kut \/ webertec man\u017eeta u vi\u0161e veli\u010dina) kako je opisano u tehni\u010dkim listovima za spomenute proizvode.<\/li>\n<li>Proizvod promije\u0161ajte kako bi dobili jednoli\u010dnu masu.<\/li>\n<li>Webertec D-protect nanosi se \u010detkom ili valjkom u dva sloja za unutarnje i tri sloja za vanjske radove. Debljina jednog sloja je 0,5 mm. Svaki sljede\u0107i sloj nanesite okomito na prethodni.<\/li>\n<li>Vrijeme su\u0161enja izme\u0111u slojeva je oko 120 minuta.*<\/li>\n<li>Tri do \u0161est sati nakon nano\u0161enja posljednjeg sloja hidroizolacije mo\u017eete nastaviti s ugradnjom keramike ljepilom minimalne kategorije C2 (standard EN 12004).*<\/li>\n<li>Va\u017eno je osigurati kontrolirano su\u0161enje, bez propuha, izravnog izlaganja suncu i izvora topline.<\/li>\n<\/ol>\n<p>* Svi navedeni parametri odnose se na standardne vremenske uvjete: temperatura 20\u00b0C, relativna vla\u017enost zraka do 65%. Ako vremenski uvjeti nisu u skladu sa standardom, potrebno je postupak prilagoditi zadanim okolnostima i ra\u010dunati da se proizvod br\u017ee ve\u017ee za toplijeg, odnosno sporije za hladnijeg vremena, paze\u0107i neka temperatura podloge i zraka budu od 5\u00b0C do 30\u00b0C.<\/p>\n<p><strong>Karakteristike in prednosti:<\/strong><\/p>\n<ul>\n<li>Jednokomponentni hidroizolacijski premaz pogodan za unutarnju i vanjsku primjenu<\/li>\n<li>Visoko elasti\u010dni i brzovezuju\u0107i vodoodbojni premaz<\/li>\n<li>Spreman za upotrebu<\/li>\n<li>Nanosi se ispod kerami\u010dkih plo\u010dica u kupaonicama, kuhinjama te na terasama i balkonima<\/li>\n<li>Prikladan je za kori\u0161tenje u sustavima podnog grijanja<\/li>\n<li>Premo\u0161\u0107uje pukotine<\/li>\n<li>Klasifikacija proizvoda DM (EN 14891:2012)<\/li>\n<li>Oko 0,6 kg \/m2 po sloju u ovisnosti o vrsti i tipu podloge<\/li>\n<\/ul>\n<p><strong>Omejitve uporabe:<\/strong><\/p>\n<ul>\n<li>webertec D-protect se ne smije koristiti u sljede\u0107im situacijama:<br \/>\n\u2022 Za drvene i zahr\u0111ale metalne povr\u0161ine<br \/>\n\u2022 Za izradu slojeva debljih od 2 mm<br \/>\n\u2022 U slu\u010daju nedovoljno nosivih podloga<br \/>\n\u2022 Na temperaturama ispod + 5\u1d52C i iznad + 30\u1d52C<br \/>\n\u2022 Za podloge koje sadr\u017ee prljav\u0161tinu i staja\u0107u vodu<\/li>\n<li>Proizvod nije UV postojan i nije namijenjen za kori\u0161tenje kao zavr\u0161ni premaz<\/li>\n<li>Ako planirate lijepiti kerami\u010dke plo\u010dice preko vodonepropusnog sloja, preporu\u010duje se kori\u0161tenje ljepila minimalne kategorizacije C2 (standard EN 12004)<\/li>\n<\/ul>","protected":false},"excerpt":{"rendered":"<p>Jednokomponentni hidroizolacijski premaz koji \u0107e va\u0161 prostor \u0161tititi od prodora vode Upotrebom Weber.tec D-protect dobivate dugotrajno rje\u0161enje za za\u0161titu od vode Priprema i kori\u0161tenje Podloga na koju se nanosi weber.tec D-protect mora biti \u010dvrsta, nosiva, o\u010di\u0161\u0107ena od masnih tragova pra\u0161ine i drugih ne\u010disto\u0107a Prije nano\u0161enja weber.tec D-protect, upijaju\u0107e podloge je potrebno pripremiti primerom Svi materijali [&hellip;]<\/p>","protected":false},"featured_media":5097,"template":"","meta":[],"product_brand":[],"product_cat":[217,214],"product_tag":[],"class_list":{"0":"post-5094","1":"product","2":"type-product","3":"status-publish","4":"has-post-thumbnail","6":"product_cat-hidroizolacija","7":"product_cat-polaganje-keramike","9":"first","10":"instock","11":"shipping-taxable","12":"purchasable","13":"product-type-variable","14":"wvs-archive-product-wrapper"},"acf":[],"_links":{"self":[{"href":"http:\/\/consortium.ascentia.top\/sl\/wp-json\/wp\/v2\/product\/5094","targetHints":{"allow":["GET"]}}],"collection":[{"href":"http:\/\/consortium.ascentia.top\/sl\/wp-json\/wp\/v2\/product"}],"about":[{"href":"http:\/\/consortium.ascentia.top\/sl\/wp-json\/wp\/v2\/types\/product"}],"wp:featuredmedia":[{"embeddable":true,"href":"http:\/\/consortium.ascentia.top\/sl\/wp-json\/wp\/v2\/media\/5097"}],"wp:attachment":[{"href":"http:\/\/consortium.ascentia.top\/sl\/wp-json\/wp\/v2\/media?parent=5094"}],"wp:term":[{"taxonomy":"product_brand","embeddable":true,"href":"http:\/\/consortium.ascentia.top\/sl\/wp-json\/wp\/v2\/product_brand?post=5094"},{"taxonomy":"product_cat","embeddable":true,"href":"http:\/\/consortium.ascentia.top\/sl\/wp-json\/wp\/v2\/product_cat?post=5094"},{"taxonomy":"product_tag","embeddable":true,"href":"http:\/\/consortium.ascentia.top\/sl\/wp-json\/wp\/v2\/product_tag?post=5094"}],"curies":[{"name":"wp","href":"https:\/\/api.w.org\/{rel}","templated":true}]}}