{"id":5062,"date":"2024-03-29T14:05:33","date_gmt":"2024-03-29T14:05:33","guid":{"rendered":"https:\/\/consortium.ascentia.top\/?post_type=product&#038;p=5062"},"modified":"2025-05-08T13:55:03","modified_gmt":"2025-05-08T13:55:03","slug":"mapei-mapesil-ac","status":"publish","type":"product","link":"http:\/\/consortium.ascentia.top\/sl\/trgovina\/pu-pjene-ljepila-i-silikoni\/silikoni\/sanitarni\/mapei-mapesil-ac\/","title":{"rendered":"Mapei Mapesil AC"},"content":{"rendered":"<p>Mapei Mapesil je \u010dista silikonska masa na bazi octene kiseline, otporna je na plijesni, s BioBlock\u00ae tehnologijom. Koristi se za brtvljenje stakla, keramike i eloksiranog aluminija, a uz prethodnu primjenu premaza za pobolj\u0161ano prianjanje Primer-a FD, mo\u017ee se primjenjivati i na betonu, drvu, metalu, obojenim povr\u0161inama, plastici i gumi.<\/p>\n<p><strong>Tehni\u010dni podatki:<\/strong><br \/>\n\u2022 Deformabilnost: 25%<br \/>\n\u2022 Modul elasti\u010dnosti pri 100 %-tnom izdu\u017eenju: 0,35 N\/mm2<br \/>\n\u2022 Shore A tvrdo\u0107a: 20<br \/>\n\u2022 Obradivost: 10 minuta<br \/>\n\u2022 EMICODE: EC1 Plus - vrlo niska emisija<br \/>\n\u2022 Primjena: pi\u0161toljem za kartu\u0161e<br \/>\n\u2022 Potro\u0161nja: s jednom kartu\u0161om od 310 ml mo\u017ee se ispuniti oko 12 m fuge dimenzija 5x5 mm<\/p>","protected":false},"excerpt":{"rendered":"<p>Mapei Mapesil je \u010dista silikonska masa na bazi octene kiseline, otporna je na plijesni, s BioBlock\u00ae tehnologijom. Koristi se za brtvljenje stakla, keramike i eloksiranog aluminija, a uz prethodnu primjenu premaza za pobolj\u0161ano prianjanje Primer-a FD, mo\u017ee se primjenjivati i na betonu, drvu, metalu, obojenim povr\u0161inama, plastici i gumi. Tehni\u010dki podaci: \u2022 Deformabilnost: 25% \u2022 [&hellip;]<\/p>","protected":false},"featured_media":5063,"template":"","meta":[],"product_brand":[],"product_cat":[197,308,200],"product_tag":[],"class_list":{"0":"post-5062","1":"product","2":"type-product","3":"status-publish","4":"has-post-thumbnail","6":"product_cat-pu-pjene-ljepila-i-silikoni","7":"product_cat-sanitarni","8":"product_cat-silikoni","10":"first","11":"instock","12":"shipping-taxable","13":"purchasable","14":"product-type-variable","15":"wvs-archive-product-wrapper"},"acf":[],"_links":{"self":[{"href":"http:\/\/consortium.ascentia.top\/sl\/wp-json\/wp\/v2\/product\/5062","targetHints":{"allow":["GET"]}}],"collection":[{"href":"http:\/\/consortium.ascentia.top\/sl\/wp-json\/wp\/v2\/product"}],"about":[{"href":"http:\/\/consortium.ascentia.top\/sl\/wp-json\/wp\/v2\/types\/product"}],"wp:featuredmedia":[{"embeddable":true,"href":"http:\/\/consortium.ascentia.top\/sl\/wp-json\/wp\/v2\/media\/5063"}],"wp:attachment":[{"href":"http:\/\/consortium.ascentia.top\/sl\/wp-json\/wp\/v2\/media?parent=5062"}],"wp:term":[{"taxonomy":"product_brand","embeddable":true,"href":"http:\/\/consortium.ascentia.top\/sl\/wp-json\/wp\/v2\/product_brand?post=5062"},{"taxonomy":"product_cat","embeddable":true,"href":"http:\/\/consortium.ascentia.top\/sl\/wp-json\/wp\/v2\/product_cat?post=5062"},{"taxonomy":"product_tag","embeddable":true,"href":"http:\/\/consortium.ascentia.top\/sl\/wp-json\/wp\/v2\/product_tag?post=5062"}],"curies":[{"name":"wp","href":"https:\/\/api.w.org\/{rel}","templated":true}]}}