{"id":5007,"date":"2024-03-29T13:52:17","date_gmt":"2024-03-29T13:52:17","guid":{"rendered":"https:\/\/consortium.ascentia.top\/?post_type=product&#038;p=5007"},"modified":"2025-05-07T14:01:44","modified_gmt":"2025-05-07T14:01:44","slug":"mapei-ultracolor-plus","status":"publish","type":"product","link":"http:\/\/consortium.ascentia.top\/sl\/trgovina\/polaganje-keramike\/fugirne-mase\/mapei-ultracolor-plus\/","title":{"rendered":"Mapei Ultracolor Plus"},"content":{"rendered":"<p>Mapei Ultracolor Plus je visokokvalitetna brzovezuju\u0107a i brzosu\u0161e\u0107a masa za fugiranje za fuge \u0161irine od 2 do 20 mm. Pobolj\u0161ana je polimerima, ne uzrokuje iscvjetavanje, izra\u0111ena prema DropEffect\u00ae i BioBlock\u00ae tehnologiji, vodoodbojna i otporna na plijesan.<\/p>\n<p><strong>Tehni\u010dni podatki:<\/strong><br \/>\n\u2022 Vrijeme primjene mje\u0161avine: 20 - 25 minuta<br \/>\n\u2022 Po\u010detak zavr\u0161ne obrade fuga: 15 - 30 minuta<br \/>\n\u2022 Prohodnost: pribli\u017eno 3 sata<br \/>\n\u2022 Spremno za upotrebu: 24 sata (48 sati za bazene i spremnike)<br \/>\n\u2022 Nano\u0161enje: gumenim gleterom<br \/>\n\u2022 Skladi\u0161tenje: 24 mjeseca<br \/>\n\u2022 Potro\u0161nja: ovisno o veli\u010dini fuge<\/p>\n<p><strong>Podro\u010dje uporabe:<\/strong><br \/>\nFugiranje unutarnjih i vanjskih podnih i zidnih obloga od svih vrsta kerami\u010dkih plo\u010dica (dvaput i jednom pe\u010denih,<br \/>\nklinkera, gresporculanskih plo\u010dica itd.) plo\u010dica od terakote, materijala od kamena (prirodnog kamena, mramora, granita, kompozita, itd.) staklenog i mramornog mozaika.<br \/>\nPrimjeri primjene:<br \/>\n\u2022 Fugiranje podova i zidova u podru\u010djima izlo\u017eenim intenzivnom prometu (zra\u010dne luke, trgova\u010dki centri, restorani, barovi itd.)<br \/>\n\u2022 Fugiranje podova i zidova u stambenim podru\u010djima (hoteli, privatne ku\u0107e itd.)<br \/>\n\u2022 Fugiranje fasada, balkona, terasa i bazena za plivanje<\/p>","protected":false},"excerpt":{"rendered":"<p>Mapei Ultracolor Plus je visokokvalitetna brzovezuju\u0107a i brzosu\u0161e\u0107a masa za fugiranje za fuge \u0161irine od 2 do 20 mm. Pobolj\u0161ana je polimerima, ne uzrokuje iscvjetavanje, izra\u0111ena prema DropEffect\u00ae i BioBlock\u00ae tehnologiji, vodoodbojna i otporna na plijesan. Tehni\u010dki podaci: \u2022 Vrijeme primjene mje\u0161avine: 20 - 25 minuta \u2022 Po\u010detak zavr\u0161ne obrade fuga: 15 - 30 minuta [&hellip;]<\/p>","protected":false},"featured_media":5010,"template":"","meta":[],"product_brand":[],"product_cat":[216,214],"product_tag":[],"class_list":{"0":"post-5007","1":"product","2":"type-product","3":"status-publish","4":"has-post-thumbnail","6":"product_cat-fugirne-mase","7":"product_cat-polaganje-keramike","9":"first","10":"instock","11":"shipping-taxable","12":"purchasable","13":"product-type-variable","14":"wvs-archive-product-wrapper"},"acf":[],"_links":{"self":[{"href":"http:\/\/consortium.ascentia.top\/sl\/wp-json\/wp\/v2\/product\/5007","targetHints":{"allow":["GET"]}}],"collection":[{"href":"http:\/\/consortium.ascentia.top\/sl\/wp-json\/wp\/v2\/product"}],"about":[{"href":"http:\/\/consortium.ascentia.top\/sl\/wp-json\/wp\/v2\/types\/product"}],"wp:featuredmedia":[{"embeddable":true,"href":"http:\/\/consortium.ascentia.top\/sl\/wp-json\/wp\/v2\/media\/5010"}],"wp:attachment":[{"href":"http:\/\/consortium.ascentia.top\/sl\/wp-json\/wp\/v2\/media?parent=5007"}],"wp:term":[{"taxonomy":"product_brand","embeddable":true,"href":"http:\/\/consortium.ascentia.top\/sl\/wp-json\/wp\/v2\/product_brand?post=5007"},{"taxonomy":"product_cat","embeddable":true,"href":"http:\/\/consortium.ascentia.top\/sl\/wp-json\/wp\/v2\/product_cat?post=5007"},{"taxonomy":"product_tag","embeddable":true,"href":"http:\/\/consortium.ascentia.top\/sl\/wp-json\/wp\/v2\/product_tag?post=5007"}],"curies":[{"name":"wp","href":"https:\/\/api.w.org\/{rel}","templated":true}]}}