{"id":4968,"date":"2024-03-27T11:19:17","date_gmt":"2024-03-27T11:19:17","guid":{"rendered":"https:\/\/consortium.ascentia.top\/?post_type=product&#038;p=4968"},"modified":"2025-05-07T13:58:15","modified_gmt":"2025-05-07T13:58:15","slug":"cetka-pvc-okrugla","status":"publish","type":"product","link":"http:\/\/consortium.ascentia.top\/sl\/trgovina\/licilacki-pribor\/kistovi-i-cetke-za-bojanje\/cetka-pvc-okrugla\/","title":{"rendered":"Krta\u010da PVC okrogla"},"content":{"rendered":"<p>Okrogla krta\u010da s pvc ro\u010dajem, izdelana iz sinteti\u010dnih vlaken, ki so na dnu \u010dvrsto stisnjena.<\/p>\n<p>Ro\u010daj in dno krta\u010de sta izdelana iz plasti\u010dne mase, ro\u010daj je votel, da omogo\u010da vstavljanje teleskopskega dr\u017eala, kar omogo\u010da uporabo na te\u017eje dostopnih mestih.<\/p>\n<p>Krta\u010da se uporablja za disperzijske barve na vodni osnovi, za nana\u0161anje lepil, impregnacij in podobno.<\/p>","protected":false},"excerpt":{"rendered":"<p>Okrugla \u010detka s PVC ru\u010dkom, napravljena od sintetskih vlakana koja su \u010dvrsto stisnuta na dnu. Ru\u010dka i dno \u010detke su napravljeni od plasti\u010dne mase, ru\u010dka je \u0161uplja kako bi se mogao umetnuti teleskopski \u0161tap \u0161to omogu\u0107uje primjenu i na te\u017ee dostupna mjesta. \u010cetka se koristi za disperzijske boje na bazi vode, za nano\u0161enje ljepila, impregnacija [&hellip;]<\/p>","protected":false},"featured_media":4969,"template":"","meta":[],"product_brand":[],"product_cat":[205,203],"product_tag":[],"class_list":{"0":"post-4968","1":"product","2":"type-product","3":"status-publish","4":"has-post-thumbnail","6":"product_cat-kistovi-i-cetke-za-bojanje","7":"product_cat-licilacki-pribor","9":"first","10":"instock","11":"shipping-taxable","12":"purchasable","13":"product-type-simple"},"acf":[],"_links":{"self":[{"href":"http:\/\/consortium.ascentia.top\/sl\/wp-json\/wp\/v2\/product\/4968","targetHints":{"allow":["GET"]}}],"collection":[{"href":"http:\/\/consortium.ascentia.top\/sl\/wp-json\/wp\/v2\/product"}],"about":[{"href":"http:\/\/consortium.ascentia.top\/sl\/wp-json\/wp\/v2\/types\/product"}],"wp:featuredmedia":[{"embeddable":true,"href":"http:\/\/consortium.ascentia.top\/sl\/wp-json\/wp\/v2\/media\/4969"}],"wp:attachment":[{"href":"http:\/\/consortium.ascentia.top\/sl\/wp-json\/wp\/v2\/media?parent=4968"}],"wp:term":[{"taxonomy":"product_brand","embeddable":true,"href":"http:\/\/consortium.ascentia.top\/sl\/wp-json\/wp\/v2\/product_brand?post=4968"},{"taxonomy":"product_cat","embeddable":true,"href":"http:\/\/consortium.ascentia.top\/sl\/wp-json\/wp\/v2\/product_cat?post=4968"},{"taxonomy":"product_tag","embeddable":true,"href":"http:\/\/consortium.ascentia.top\/sl\/wp-json\/wp\/v2\/product_tag?post=4968"}],"curies":[{"name":"wp","href":"https:\/\/api.w.org\/{rel}","templated":true}]}}