{"id":4950,"date":"2024-03-27T11:00:03","date_gmt":"2024-03-27T11:00:03","guid":{"rendered":"https:\/\/consortium.ascentia.top\/?post_type=product&#038;p=4950"},"modified":"2025-05-07T14:01:13","modified_gmt":"2025-05-07T14:01:13","slug":"h734-hardener-ultra-hs-normal-ucvrscivac-za-2k-uhs-lakove","status":"publish","type":"product","link":"http:\/\/consortium.ascentia.top\/sl\/trgovina\/auto-program\/lakovi-2k-1k-auto-kitovi-i-pribor\/h734-hardener-ultra-hs-normal-ucvrscivac-za-2k-uhs-lakove\/","title":{"rendered":"H734 Hardener Ultra HS Normal - u\u010dvr\u0161\u010devalec za 2K UHS lake"},"content":{"rendered":"<p><strong>Izocianatni normalni utrjevalec za 494 in 894 brezbarvni premaz.<\/strong><\/p>","protected":false},"excerpt":{"rendered":"<p>Izocianatni normalni utrjevalec za 494 in 894 brezbarvni premaz.<\/p>","protected":false},"featured_media":4951,"template":"","meta":[],"product_brand":[],"product_cat":[201,202],"product_tag":[],"class_list":{"0":"post-4950","1":"product","2":"type-product","3":"status-publish","4":"has-post-thumbnail","6":"product_cat-auto-program","7":"product_cat-lakovi-2k-1k-auto-kitovi-i-pribor","9":"first","10":"instock","11":"shipping-taxable","12":"purchasable","13":"product-type-variable","14":"wvs-archive-product-wrapper"},"acf":[],"_links":{"self":[{"href":"http:\/\/consortium.ascentia.top\/sl\/wp-json\/wp\/v2\/product\/4950","targetHints":{"allow":["GET"]}}],"collection":[{"href":"http:\/\/consortium.ascentia.top\/sl\/wp-json\/wp\/v2\/product"}],"about":[{"href":"http:\/\/consortium.ascentia.top\/sl\/wp-json\/wp\/v2\/types\/product"}],"wp:featuredmedia":[{"embeddable":true,"href":"http:\/\/consortium.ascentia.top\/sl\/wp-json\/wp\/v2\/media\/4951"}],"wp:attachment":[{"href":"http:\/\/consortium.ascentia.top\/sl\/wp-json\/wp\/v2\/media?parent=4950"}],"wp:term":[{"taxonomy":"product_brand","embeddable":true,"href":"http:\/\/consortium.ascentia.top\/sl\/wp-json\/wp\/v2\/product_brand?post=4950"},{"taxonomy":"product_cat","embeddable":true,"href":"http:\/\/consortium.ascentia.top\/sl\/wp-json\/wp\/v2\/product_cat?post=4950"},{"taxonomy":"product_tag","embeddable":true,"href":"http:\/\/consortium.ascentia.top\/sl\/wp-json\/wp\/v2\/product_tag?post=4950"}],"curies":[{"name":"wp","href":"https:\/\/api.w.org\/{rel}","templated":true}]}}