{"id":4943,"date":"2024-03-27T10:57:52","date_gmt":"2024-03-27T10:57:52","guid":{"rendered":"https:\/\/consortium.ascentia.top\/?post_type=product&#038;p=4943"},"modified":"2025-05-07T14:01:14","modified_gmt":"2025-05-07T14:01:14","slug":"h754-hardener-for-topcoats-fast-ucvrscivac-za-2k-akrile-i-2k-lakove-brzi","status":"publish","type":"product","link":"http:\/\/consortium.ascentia.top\/sl\/trgovina\/auto-program\/lakovi-2k-1k-auto-kitovi-i-pribor\/h754-hardener-for-topcoats-fast-ucvrscivac-za-2k-akrile-i-2k-lakove-brzi\/","title":{"rendered":"H754 Hardener for Topcoats Fast - hiter u\u010dvr\u0161\u010devalec za 2K akrile in 2K lake"},"content":{"rendered":"<p><strong>H754 Hardener for Topcoats FAST je izocianatni utrjevalec za 2K akrilne barve in 2K akrilne prozorne lake.<\/strong><\/p>","protected":false},"excerpt":{"rendered":"<p>H754 Hardener for Topcoats FAST je izocianatni utrjevalec za 2K akrilne barve in 2K akrilne prozorne lake.<\/p>","protected":false},"featured_media":4944,"template":"","meta":[],"product_brand":[],"product_cat":[201,202],"product_tag":[],"class_list":{"0":"post-4943","1":"product","2":"type-product","3":"status-publish","4":"has-post-thumbnail","6":"product_cat-auto-program","7":"product_cat-lakovi-2k-1k-auto-kitovi-i-pribor","9":"first","10":"instock","11":"shipping-taxable","12":"purchasable","13":"product-type-variable","14":"wvs-archive-product-wrapper"},"acf":[],"_links":{"self":[{"href":"http:\/\/consortium.ascentia.top\/sl\/wp-json\/wp\/v2\/product\/4943","targetHints":{"allow":["GET"]}}],"collection":[{"href":"http:\/\/consortium.ascentia.top\/sl\/wp-json\/wp\/v2\/product"}],"about":[{"href":"http:\/\/consortium.ascentia.top\/sl\/wp-json\/wp\/v2\/types\/product"}],"wp:featuredmedia":[{"embeddable":true,"href":"http:\/\/consortium.ascentia.top\/sl\/wp-json\/wp\/v2\/media\/4944"}],"wp:attachment":[{"href":"http:\/\/consortium.ascentia.top\/sl\/wp-json\/wp\/v2\/media?parent=4943"}],"wp:term":[{"taxonomy":"product_brand","embeddable":true,"href":"http:\/\/consortium.ascentia.top\/sl\/wp-json\/wp\/v2\/product_brand?post=4943"},{"taxonomy":"product_cat","embeddable":true,"href":"http:\/\/consortium.ascentia.top\/sl\/wp-json\/wp\/v2\/product_cat?post=4943"},{"taxonomy":"product_tag","embeddable":true,"href":"http:\/\/consortium.ascentia.top\/sl\/wp-json\/wp\/v2\/product_tag?post=4943"}],"curies":[{"name":"wp","href":"https:\/\/api.w.org\/{rel}","templated":true}]}}