{"id":4940,"date":"2024-03-27T10:56:56","date_gmt":"2024-03-27T10:56:56","guid":{"rendered":"https:\/\/consortium.ascentia.top\/?post_type=product&#038;p=4940"},"modified":"2025-05-07T14:01:13","modified_gmt":"2025-05-07T14:01:13","slug":"h725-hardener-for-primers-fast-brzi-ucvrscivac-za-2k-primere","status":"publish","type":"product","link":"http:\/\/consortium.ascentia.top\/sl\/trgovina\/auto-program\/lakovi-2k-1k-auto-kitovi-i-pribor\/h725-hardener-for-primers-fast-brzi-ucvrscivac-za-2k-primere\/","title":{"rendered":"H725 Hardener for Primers Fast - hiter u\u010dvr\u0161\u010devalec za 2K premaze"},"content":{"rendered":"<section class=\"main-container col1-layout\">\n<div class=\"container\">\n<div class=\"row\">\n<div class=\"col-sm-12 col-xs-12\">\n<article class=\"col-main\">\n<div class=\"product-view\">\n<div class=\"product-collateral\">\n<div class=\"add_info\">\n<div id=\"productTabContent\" class=\"tab-content\">\n<div id=\"reviews_tabs\" class=\"tab-pane fade in active\">\n<div class=\"std\">\n<p><strong>Hitri utrjevalec, samo za 2K temelje. <\/strong><\/p>\n<p>Na voljo v prozorni rumeni barvi.<\/p>\n<\/div>\n<\/div>\n<\/div>\n<\/div>\n<\/div>\n<\/div>\n<\/article>\n<\/div>\n<\/div>\n<\/div>\n<\/section>","protected":false},"excerpt":{"rendered":"<p>Hiter utrjevalec, namenjen izklju\u010dno za 2K temeljne premaze. Na voljo v prozorno rumeni barvi.<\/p>","protected":false},"featured_media":4942,"template":"","meta":[],"product_brand":[],"product_cat":[201,202],"product_tag":[],"class_list":{"0":"post-4940","1":"product","2":"type-product","3":"status-publish","4":"has-post-thumbnail","6":"product_cat-auto-program","7":"product_cat-lakovi-2k-1k-auto-kitovi-i-pribor","9":"first","10":"instock","11":"shipping-taxable","12":"purchasable","13":"product-type-variable","14":"wvs-archive-product-wrapper"},"acf":[],"_links":{"self":[{"href":"http:\/\/consortium.ascentia.top\/sl\/wp-json\/wp\/v2\/product\/4940","targetHints":{"allow":["GET"]}}],"collection":[{"href":"http:\/\/consortium.ascentia.top\/sl\/wp-json\/wp\/v2\/product"}],"about":[{"href":"http:\/\/consortium.ascentia.top\/sl\/wp-json\/wp\/v2\/types\/product"}],"wp:featuredmedia":[{"embeddable":true,"href":"http:\/\/consortium.ascentia.top\/sl\/wp-json\/wp\/v2\/media\/4942"}],"wp:attachment":[{"href":"http:\/\/consortium.ascentia.top\/sl\/wp-json\/wp\/v2\/media?parent=4940"}],"wp:term":[{"taxonomy":"product_brand","embeddable":true,"href":"http:\/\/consortium.ascentia.top\/sl\/wp-json\/wp\/v2\/product_brand?post=4940"},{"taxonomy":"product_cat","embeddable":true,"href":"http:\/\/consortium.ascentia.top\/sl\/wp-json\/wp\/v2\/product_cat?post=4940"},{"taxonomy":"product_tag","embeddable":true,"href":"http:\/\/consortium.ascentia.top\/sl\/wp-json\/wp\/v2\/product_tag?post=4940"}],"curies":[{"name":"wp","href":"https:\/\/api.w.org\/{rel}","templated":true}]}}