{"id":4937,"date":"2024-03-27T10:55:50","date_gmt":"2024-03-27T10:55:50","guid":{"rendered":"https:\/\/consortium.ascentia.top\/?post_type=product&#038;p=4937"},"modified":"2025-05-07T14:01:07","modified_gmt":"2025-05-07T14:01:07","slug":"c894-clear-ultra-hs-21-2k-akrilni-bezbojni-lak-sjajni","status":"publish","type":"product","link":"http:\/\/consortium.ascentia.top\/sl\/trgovina\/auto-program\/lakovi-2k-1k-auto-kitovi-i-pribor\/c894-clear-ultra-hs-21-2k-akrilni-bezbojni-lak-sjajni\/","title":{"rendered":"C894 Clear Ultra HS 2:1 - 2K akrilni brezbarvni lak sijajni"},"content":{"rendered":"<p><strong>2K akrilni 2:1 ultra HS lak, primeren za celotne in delne popravke.<\/strong><\/p>\n<p>Uporablja se z ultra HS utrjevalci:<\/p>\n<ul>\n<li>H733 po\u010dasen<\/li>\n<li>H734 normalen<\/li>\n<li>H735 hiter<\/li>\n<\/ul>","protected":false},"excerpt":{"rendered":"<p>2K akrilni 2:1 ultra HS lak pogodan za cijele i djelomi\u010dne reparacije. Koristi se se s ultra HS u\u010dvr\u0161\u010diva\u010dima: H733 spori H734 normal H735 brzi<\/p>","protected":false},"featured_media":4938,"template":"","meta":[],"product_brand":[],"product_cat":[201,202],"product_tag":[],"class_list":{"0":"post-4937","1":"product","2":"type-product","3":"status-publish","4":"has-post-thumbnail","6":"product_cat-auto-program","7":"product_cat-lakovi-2k-1k-auto-kitovi-i-pribor","9":"first","10":"instock","11":"shipping-taxable","12":"purchasable","13":"product-type-variable","14":"wvs-archive-product-wrapper"},"acf":[],"_links":{"self":[{"href":"http:\/\/consortium.ascentia.top\/sl\/wp-json\/wp\/v2\/product\/4937","targetHints":{"allow":["GET"]}}],"collection":[{"href":"http:\/\/consortium.ascentia.top\/sl\/wp-json\/wp\/v2\/product"}],"about":[{"href":"http:\/\/consortium.ascentia.top\/sl\/wp-json\/wp\/v2\/types\/product"}],"wp:featuredmedia":[{"embeddable":true,"href":"http:\/\/consortium.ascentia.top\/sl\/wp-json\/wp\/v2\/media\/4938"}],"wp:attachment":[{"href":"http:\/\/consortium.ascentia.top\/sl\/wp-json\/wp\/v2\/media?parent=4937"}],"wp:term":[{"taxonomy":"product_brand","embeddable":true,"href":"http:\/\/consortium.ascentia.top\/sl\/wp-json\/wp\/v2\/product_brand?post=4937"},{"taxonomy":"product_cat","embeddable":true,"href":"http:\/\/consortium.ascentia.top\/sl\/wp-json\/wp\/v2\/product_cat?post=4937"},{"taxonomy":"product_tag","embeddable":true,"href":"http:\/\/consortium.ascentia.top\/sl\/wp-json\/wp\/v2\/product_tag?post=4937"}],"curies":[{"name":"wp","href":"https:\/\/api.w.org\/{rel}","templated":true}]}}