{"id":4934,"date":"2024-03-27T10:54:55","date_gmt":"2024-03-27T10:54:55","guid":{"rendered":"https:\/\/consortium.ascentia.top\/?post_type=product&#038;p=4934"},"modified":"2025-05-07T14:01:05","modified_gmt":"2025-05-07T14:01:05","slug":"body-699-clear-uhs-sr-21-2k-bezbojni-lak-visokog-sjaja","status":"publish","type":"product","link":"http:\/\/consortium.ascentia.top\/sl\/trgovina\/auto-program\/lakovi-2k-1k-auto-kitovi-i-pribor\/body-699-clear-uhs-sr-21-2k-bezbojni-lak-visokog-sjaja\/","title":{"rendered":"Body 699 Clear UHS SR 2:1 - 2K brezbarvni lak visoki sijaj"},"content":{"rendered":"<p><strong>2K HS 2:1 lak z visokim sijajem. Odli\u010dno razlivanje in hitro su\u0161enje omogo\u010data delne in celotne popravke.<\/strong><\/p>\n<p>Uporablja se z utrjevalcem:<\/p>\n<ul>\n<li>H752 po\u010dasen<\/li>\n<li>H753 normalen<\/li>\n<li>H754 hiter<\/li>\n<\/ul>","protected":false},"excerpt":{"rendered":"<p>2K HS 2:1 lak visokog sjaja. Odli\u010dno razlijevanje i brzo su\u0161enje omogu\u0107avaju parcijalne i kompletne reparacije. Koristi se sa utvr\u0111iva\u010dem: H752 spori H753 normal H754 brzi<\/p>","protected":false},"featured_media":4935,"template":"","meta":[],"product_brand":[],"product_cat":[201,202],"product_tag":[],"class_list":{"0":"post-4934","1":"product","2":"type-product","3":"status-publish","4":"has-post-thumbnail","6":"product_cat-auto-program","7":"product_cat-lakovi-2k-1k-auto-kitovi-i-pribor","9":"first","10":"instock","11":"shipping-taxable","12":"purchasable","13":"product-type-variable","14":"wvs-archive-product-wrapper"},"acf":[],"_links":{"self":[{"href":"http:\/\/consortium.ascentia.top\/sl\/wp-json\/wp\/v2\/product\/4934","targetHints":{"allow":["GET"]}}],"collection":[{"href":"http:\/\/consortium.ascentia.top\/sl\/wp-json\/wp\/v2\/product"}],"about":[{"href":"http:\/\/consortium.ascentia.top\/sl\/wp-json\/wp\/v2\/types\/product"}],"wp:featuredmedia":[{"embeddable":true,"href":"http:\/\/consortium.ascentia.top\/sl\/wp-json\/wp\/v2\/media\/4935"}],"wp:attachment":[{"href":"http:\/\/consortium.ascentia.top\/sl\/wp-json\/wp\/v2\/media?parent=4934"}],"wp:term":[{"taxonomy":"product_brand","embeddable":true,"href":"http:\/\/consortium.ascentia.top\/sl\/wp-json\/wp\/v2\/product_brand?post=4934"},{"taxonomy":"product_cat","embeddable":true,"href":"http:\/\/consortium.ascentia.top\/sl\/wp-json\/wp\/v2\/product_cat?post=4934"},{"taxonomy":"product_tag","embeddable":true,"href":"http:\/\/consortium.ascentia.top\/sl\/wp-json\/wp\/v2\/product_tag?post=4934"}],"curies":[{"name":"wp","href":"https:\/\/api.w.org\/{rel}","templated":true}]}}