{"id":4925,"date":"2024-03-27T10:29:11","date_gmt":"2024-03-27T10:29:11","guid":{"rendered":"https:\/\/consortium.ascentia.top\/?post_type=product&#038;p=4925"},"modified":"2025-05-07T14:01:41","modified_gmt":"2025-05-07T14:01:41","slug":"spray-flet-guide-specijalni-crni-prah-kod-brusenja-primera","status":"publish","type":"product","link":"http:\/\/consortium.ascentia.top\/sl\/trgovina\/auto-program\/lakovi-2k-1k-auto-kitovi-i-pribor\/spray-flet-guide-specijalni-crni-prah-kod-brusenja-primera\/","title":{"rendered":"Spray Flat Guide - posebni \u010drni prah pri bru\u0161enju temeljne barve"},"content":{"rendered":"<p><strong>Poseben \u010drni prah, ki pomaga pri bru\u0161enju polnil \u2013 temelji, nelepljiv.<\/strong><\/p>","protected":false},"excerpt":{"rendered":"<p>Poseben \u010drni prah, ki pomaga pri bru\u0161enju polnil \u2013 temelji, nelepljiv.<\/p>","protected":false},"featured_media":9046,"template":"","meta":[],"product_brand":[],"product_cat":[201,202],"product_tag":[],"class_list":{"0":"post-4925","1":"product","2":"type-product","3":"status-publish","4":"has-post-thumbnail","6":"product_cat-auto-program","7":"product_cat-lakovi-2k-1k-auto-kitovi-i-pribor","9":"first","10":"instock","11":"shipping-taxable","12":"purchasable","13":"product-type-variable","14":"wvs-archive-product-wrapper"},"acf":[],"_links":{"self":[{"href":"http:\/\/consortium.ascentia.top\/sl\/wp-json\/wp\/v2\/product\/4925","targetHints":{"allow":["GET"]}}],"collection":[{"href":"http:\/\/consortium.ascentia.top\/sl\/wp-json\/wp\/v2\/product"}],"about":[{"href":"http:\/\/consortium.ascentia.top\/sl\/wp-json\/wp\/v2\/types\/product"}],"wp:featuredmedia":[{"embeddable":true,"href":"http:\/\/consortium.ascentia.top\/sl\/wp-json\/wp\/v2\/media\/9046"}],"wp:attachment":[{"href":"http:\/\/consortium.ascentia.top\/sl\/wp-json\/wp\/v2\/media?parent=4925"}],"wp:term":[{"taxonomy":"product_brand","embeddable":true,"href":"http:\/\/consortium.ascentia.top\/sl\/wp-json\/wp\/v2\/product_brand?post=4925"},{"taxonomy":"product_cat","embeddable":true,"href":"http:\/\/consortium.ascentia.top\/sl\/wp-json\/wp\/v2\/product_cat?post=4925"},{"taxonomy":"product_tag","embeddable":true,"href":"http:\/\/consortium.ascentia.top\/sl\/wp-json\/wp\/v2\/product_tag?post=4925"}],"curies":[{"name":"wp","href":"https:\/\/api.w.org\/{rel}","templated":true}]}}