{"id":4919,"date":"2024-03-27T10:26:49","date_gmt":"2024-03-27T10:26:49","guid":{"rendered":"https:\/\/consortium.ascentia.top\/?post_type=product&#038;p=4919"},"modified":"2025-05-07T14:01:06","modified_gmt":"2025-05-07T14:01:06","slug":"bumper-paint-brzosusiva-1k-boja-za-odbojnike","status":"publish","type":"product","link":"http:\/\/consortium.ascentia.top\/sl\/trgovina\/auto-program\/lakovi-2k-1k-auto-kitovi-i-pribor\/bumper-paint-brzosusiva-1k-boja-za-odbojnike\/","title":{"rendered":"Bumper Paint - hitro su\u0161e\u010da 1K barva za odbija\u010de"},"content":{"rendered":"<p><strong>Hitrosu\u0161e\u010da 1K barva za doseganje tovarni\u0161kega videza na plasti\u010dnih odbija\u010dih in plasti\u010dnih delih.<\/strong><\/p>\n<ul>\n<li>Enostavna za nanos.<\/li>\n<li>Ima izjemno odpornost na mehanske obremenitve zaradi svoje visoke elasti\u010dnosti.<\/li>\n<\/ul>","protected":false},"excerpt":{"rendered":"<p>Brzosu\u0161iva 1K boja za postizanje tvorni\u010dkog izgleda na plasti\u010dnim branicima i plasti\u010dnim dijelovima. Lako se nanosi. Posjeduje izuzetnu otpornost na mehani\u010dka djelovanja zahvaljuju\u0107i svojoj visokoj elasti\u010dnosti.<\/p>","protected":false},"featured_media":4920,"template":"","meta":[],"product_brand":[],"product_cat":[201,202],"product_tag":[],"class_list":{"0":"post-4919","1":"product","2":"type-product","3":"status-publish","4":"has-post-thumbnail","6":"product_cat-auto-program","7":"product_cat-lakovi-2k-1k-auto-kitovi-i-pribor","9":"first","10":"instock","11":"shipping-taxable","12":"purchasable","13":"product-type-variable","14":"wvs-archive-product-wrapper"},"acf":[],"_links":{"self":[{"href":"http:\/\/consortium.ascentia.top\/sl\/wp-json\/wp\/v2\/product\/4919","targetHints":{"allow":["GET"]}}],"collection":[{"href":"http:\/\/consortium.ascentia.top\/sl\/wp-json\/wp\/v2\/product"}],"about":[{"href":"http:\/\/consortium.ascentia.top\/sl\/wp-json\/wp\/v2\/types\/product"}],"wp:featuredmedia":[{"embeddable":true,"href":"http:\/\/consortium.ascentia.top\/sl\/wp-json\/wp\/v2\/media\/4920"}],"wp:attachment":[{"href":"http:\/\/consortium.ascentia.top\/sl\/wp-json\/wp\/v2\/media?parent=4919"}],"wp:term":[{"taxonomy":"product_brand","embeddable":true,"href":"http:\/\/consortium.ascentia.top\/sl\/wp-json\/wp\/v2\/product_brand?post=4919"},{"taxonomy":"product_cat","embeddable":true,"href":"http:\/\/consortium.ascentia.top\/sl\/wp-json\/wp\/v2\/product_cat?post=4919"},{"taxonomy":"product_tag","embeddable":true,"href":"http:\/\/consortium.ascentia.top\/sl\/wp-json\/wp\/v2\/product_tag?post=4919"}],"curies":[{"name":"wp","href":"https:\/\/api.w.org\/{rel}","templated":true}]}}