{"id":4917,"date":"2024-03-27T10:25:16","date_gmt":"2024-03-27T10:25:16","guid":{"rendered":"https:\/\/consortium.ascentia.top\/?post_type=product&#038;p=4917"},"modified":"2025-05-07T14:01:01","modified_gmt":"2025-05-07T14:01:01","slug":"930-underbody-bitumenska-zastita","status":"publish","type":"product","link":"http:\/\/consortium.ascentia.top\/sl\/trgovina\/auto-program\/lakovi-2k-1k-auto-kitovi-i-pribor\/930-underbody-bitumenska-zastita\/","title":{"rendered":"930 Underbody - bitumenska za\u0161\u010dita"},"content":{"rendered":"<p><strong>Bitumenski tiksotropni premaz, ki zagotavlja odli\u010dno antikorozivno za\u0161\u010dito in za\u0161\u010dito pred kamen\u010dki. <\/strong><\/p>\n<ul>\n<li>Popolno oprijemanje s trajno elasti\u010dnostjo.<\/li>\n<li>Nana\u0161a se izklju\u010dno na spodnje dele karoserije.<\/li>\n<li>Razred\u010di se lahko z razred\u010dilom (reduktorjem) v razmerju 10\u201320 %.<\/li>\n<li>Nana\u0161a se s \u010dopi\u010dem ali z brizgalno pi\u0161tolo pri zra\u010dnem tlaku 5\u20136 barov.<\/li>\n<\/ul>","protected":false},"excerpt":{"rendered":"<p>Bitumenski tiksotropni premaz koji pru\u017ea izvrsnu antikorozivnu za\u0161titu i za\u0161titu od kamen\u010di\u0107a. Savr\u0161eno prianjanje s trajnom elasti\u010dno\u0161\u0107u. Nanosi se samo na donje dijelove karoserije. Mo\u017ee se razrijediti razrje\u0111iva\u010dem (reduktorom) na 10-20%. Nanosi se \u010detkom ili pi\u0161toljem za prskanje pod pritiskom zraka od 5-6 bara.<\/p>","protected":false},"featured_media":4918,"template":"","meta":[],"product_brand":[],"product_cat":[201,202],"product_tag":[],"class_list":{"0":"post-4917","1":"product","2":"type-product","3":"status-publish","4":"has-post-thumbnail","6":"product_cat-auto-program","7":"product_cat-lakovi-2k-1k-auto-kitovi-i-pribor","9":"first","10":"instock","11":"shipping-taxable","12":"purchasable","13":"product-type-variable","14":"wvs-archive-product-wrapper"},"acf":[],"_links":{"self":[{"href":"http:\/\/consortium.ascentia.top\/sl\/wp-json\/wp\/v2\/product\/4917","targetHints":{"allow":["GET"]}}],"collection":[{"href":"http:\/\/consortium.ascentia.top\/sl\/wp-json\/wp\/v2\/product"}],"about":[{"href":"http:\/\/consortium.ascentia.top\/sl\/wp-json\/wp\/v2\/types\/product"}],"wp:featuredmedia":[{"embeddable":true,"href":"http:\/\/consortium.ascentia.top\/sl\/wp-json\/wp\/v2\/media\/4918"}],"wp:attachment":[{"href":"http:\/\/consortium.ascentia.top\/sl\/wp-json\/wp\/v2\/media?parent=4917"}],"wp:term":[{"taxonomy":"product_brand","embeddable":true,"href":"http:\/\/consortium.ascentia.top\/sl\/wp-json\/wp\/v2\/product_brand?post=4917"},{"taxonomy":"product_cat","embeddable":true,"href":"http:\/\/consortium.ascentia.top\/sl\/wp-json\/wp\/v2\/product_cat?post=4917"},{"taxonomy":"product_tag","embeddable":true,"href":"http:\/\/consortium.ascentia.top\/sl\/wp-json\/wp\/v2\/product_tag?post=4917"}],"curies":[{"name":"wp","href":"https:\/\/api.w.org\/{rel}","templated":true}]}}