{"id":4914,"date":"2024-03-27T10:24:02","date_gmt":"2024-03-27T10:24:02","guid":{"rendered":"https:\/\/consortium.ascentia.top\/?post_type=product&#038;p=4914"},"modified":"2025-05-07T14:01:41","modified_gmt":"2025-05-07T14:01:41","slug":"spray-950-stone-chip-body-zastita-u-spreju","status":"publish","type":"product","link":"http:\/\/consortium.ascentia.top\/sl\/trgovina\/auto-program\/lakovi-2k-1k-auto-kitovi-i-pribor\/spray-950-stone-chip-body-zastita-u-spreju\/","title":{"rendered":"Spray 950 Stone Chip - za\u0161\u010dita karoserije v spreju"},"content":{"rendered":"<p>Gumeni material z lastnostmi tesnjenja za du\u0161enje zvoka in optimalno sposobnostjo prekrivanja.<\/p>\n<p>Premaz bo nanesen skoraj takoj, primeren za zunanje spodnje in notranje dele karoserije avtomobila z odli\u010dnimi lastnostmi oprijema.<\/p>","protected":false},"excerpt":{"rendered":"<p>Gumijasti material z lastnostmi tesnjenja za du\u0161enje zvoka in optimalno pokrivno sposobnostjo. Skoraj takoj prebarvljiv, primeren za zunanje spodnje in notranje dele avtomobilske karoserije z odli\u010dnimi oprijemljivimi lastnostmi.<\/p>","protected":false},"featured_media":10452,"template":"","meta":[],"product_brand":[],"product_cat":[201,202],"product_tag":[],"class_list":{"0":"post-4914","1":"product","2":"type-product","3":"status-publish","4":"has-post-thumbnail","6":"product_cat-auto-program","7":"product_cat-lakovi-2k-1k-auto-kitovi-i-pribor","9":"first","10":"instock","11":"shipping-taxable","12":"purchasable","13":"product-type-variable","14":"wvs-archive-product-wrapper"},"acf":[],"_links":{"self":[{"href":"http:\/\/consortium.ascentia.top\/sl\/wp-json\/wp\/v2\/product\/4914","targetHints":{"allow":["GET"]}}],"collection":[{"href":"http:\/\/consortium.ascentia.top\/sl\/wp-json\/wp\/v2\/product"}],"about":[{"href":"http:\/\/consortium.ascentia.top\/sl\/wp-json\/wp\/v2\/types\/product"}],"wp:featuredmedia":[{"embeddable":true,"href":"http:\/\/consortium.ascentia.top\/sl\/wp-json\/wp\/v2\/media\/10452"}],"wp:attachment":[{"href":"http:\/\/consortium.ascentia.top\/sl\/wp-json\/wp\/v2\/media?parent=4914"}],"wp:term":[{"taxonomy":"product_brand","embeddable":true,"href":"http:\/\/consortium.ascentia.top\/sl\/wp-json\/wp\/v2\/product_brand?post=4914"},{"taxonomy":"product_cat","embeddable":true,"href":"http:\/\/consortium.ascentia.top\/sl\/wp-json\/wp\/v2\/product_cat?post=4914"},{"taxonomy":"product_tag","embeddable":true,"href":"http:\/\/consortium.ascentia.top\/sl\/wp-json\/wp\/v2\/product_tag?post=4914"}],"curies":[{"name":"wp","href":"https:\/\/api.w.org\/{rel}","templated":true}]}}