{"id":4911,"date":"2024-03-27T10:22:31","date_gmt":"2024-03-27T10:22:31","guid":{"rendered":"https:\/\/consortium.ascentia.top\/?post_type=product&#038;p=4911"},"modified":"2025-05-07T14:01:40","modified_gmt":"2025-05-07T14:01:40","slug":"spray-930-underbody-bitumenska-zastita","status":"publish","type":"product","link":"http:\/\/consortium.ascentia.top\/sl\/trgovina\/auto-program\/lakovi-2k-1k-auto-kitovi-i-pribor\/spray-930-underbody-bitumenska-zastita\/","title":{"rendered":"Spray 930 Underbody - bitumenska za\u0161\u010dita"},"content":{"rendered":"<p><strong>Bitumensko tiksotropno sredstvo, ki omogo\u010da odli\u010dno antikorozivno za\u0161\u010dito in za\u0161\u010dito pred kamen\u010dki. <\/strong><\/p>\n<ul>\n<li>Odli\u010dno se oprijema in ohranja elasti\u010dnost.<\/li>\n<li>Nana\u0161a se na spodnje dele vozila in ga ni mogo\u010de prebarvati.<\/li>\n<\/ul>","protected":false},"excerpt":{"rendered":"<p>Bitumensko tiksotropno sredstvo, ki omogo\u010da odli\u010dno antikorozijsko za\u0161\u010dito in za\u0161\u010dito pred kamen\u010dki. Ima odli\u010den oprijem in ohranja elasti\u010dnost. Nana\u0161a se na spodnje dele vozila in ni prebarvljivo.<\/p>","protected":false},"featured_media":4912,"template":"","meta":[],"product_brand":[],"product_cat":[201,202],"product_tag":[],"class_list":{"0":"post-4911","1":"product","2":"type-product","3":"status-publish","4":"has-post-thumbnail","6":"product_cat-auto-program","7":"product_cat-lakovi-2k-1k-auto-kitovi-i-pribor","9":"first","10":"instock","11":"shipping-taxable","12":"purchasable","13":"product-type-variable","14":"wvs-archive-product-wrapper"},"acf":[],"_links":{"self":[{"href":"http:\/\/consortium.ascentia.top\/sl\/wp-json\/wp\/v2\/product\/4911","targetHints":{"allow":["GET"]}}],"collection":[{"href":"http:\/\/consortium.ascentia.top\/sl\/wp-json\/wp\/v2\/product"}],"about":[{"href":"http:\/\/consortium.ascentia.top\/sl\/wp-json\/wp\/v2\/types\/product"}],"wp:featuredmedia":[{"embeddable":true,"href":"http:\/\/consortium.ascentia.top\/sl\/wp-json\/wp\/v2\/media\/4912"}],"wp:attachment":[{"href":"http:\/\/consortium.ascentia.top\/sl\/wp-json\/wp\/v2\/media?parent=4911"}],"wp:term":[{"taxonomy":"product_brand","embeddable":true,"href":"http:\/\/consortium.ascentia.top\/sl\/wp-json\/wp\/v2\/product_brand?post=4911"},{"taxonomy":"product_cat","embeddable":true,"href":"http:\/\/consortium.ascentia.top\/sl\/wp-json\/wp\/v2\/product_cat?post=4911"},{"taxonomy":"product_tag","embeddable":true,"href":"http:\/\/consortium.ascentia.top\/sl\/wp-json\/wp\/v2\/product_tag?post=4911"}],"curies":[{"name":"wp","href":"https:\/\/api.w.org\/{rel}","templated":true}]}}