{"id":4905,"date":"2024-03-27T10:20:31","date_gmt":"2024-03-27T10:20:31","guid":{"rendered":"https:\/\/consortium.ascentia.top\/?post_type=product&#038;p=4905"},"modified":"2025-05-07T14:01:41","modified_gmt":"2025-05-07T14:01:41","slug":"spray-lens-clear-plasticni-lak-za-farove","status":"publish","type":"product","link":"http:\/\/consortium.ascentia.top\/sl\/trgovina\/auto-program\/lakovi-2k-1k-auto-kitovi-i-pribor\/spray-lens-clear-plasticni-lak-za-farove\/","title":{"rendered":"Spray Lens Clear - plasti\u010dni lak za lu\u010di 400 ml"},"content":{"rendered":"<p><strong>Specialno zasnovan elasti\u010dni lak, ki daje sijajen videz sprednjim ali zadnjim lu\u010dem.<\/strong><\/p>\n<ul>\n<li>Odli\u010dno re\u0161itev za popravilo lu\u010di, ki so zaradi vremenskih vplivov postale rumenkaste ali zbledene.<\/li>\n<\/ul>","protected":false},"excerpt":{"rendered":"<p>Specijalno dizajniran elasti\u010dni lak koji daje sjajni izgled prednjim ili zadnjim svijetlima. Odli\u010dno rje\u0161enje za reparaciju svjetala koja su pod vremenskim utjecajima postala \u017eu\u0107kasta ili su izblijedjela.<\/p>","protected":false},"featured_media":4907,"template":"","meta":[],"product_brand":[],"product_cat":[201,202],"product_tag":[],"class_list":{"0":"post-4905","1":"product","2":"type-product","3":"status-publish","4":"has-post-thumbnail","6":"product_cat-auto-program","7":"product_cat-lakovi-2k-1k-auto-kitovi-i-pribor","9":"first","10":"instock","11":"shipping-taxable","12":"purchasable","13":"product-type-variable","14":"wvs-archive-product-wrapper"},"acf":[],"_links":{"self":[{"href":"http:\/\/consortium.ascentia.top\/sl\/wp-json\/wp\/v2\/product\/4905","targetHints":{"allow":["GET"]}}],"collection":[{"href":"http:\/\/consortium.ascentia.top\/sl\/wp-json\/wp\/v2\/product"}],"about":[{"href":"http:\/\/consortium.ascentia.top\/sl\/wp-json\/wp\/v2\/types\/product"}],"wp:featuredmedia":[{"embeddable":true,"href":"http:\/\/consortium.ascentia.top\/sl\/wp-json\/wp\/v2\/media\/4907"}],"wp:attachment":[{"href":"http:\/\/consortium.ascentia.top\/sl\/wp-json\/wp\/v2\/media?parent=4905"}],"wp:term":[{"taxonomy":"product_brand","embeddable":true,"href":"http:\/\/consortium.ascentia.top\/sl\/wp-json\/wp\/v2\/product_brand?post=4905"},{"taxonomy":"product_cat","embeddable":true,"href":"http:\/\/consortium.ascentia.top\/sl\/wp-json\/wp\/v2\/product_cat?post=4905"},{"taxonomy":"product_tag","embeddable":true,"href":"http:\/\/consortium.ascentia.top\/sl\/wp-json\/wp\/v2\/product_tag?post=4905"}],"curies":[{"name":"wp","href":"https:\/\/api.w.org\/{rel}","templated":true}]}}