{"id":4902,"date":"2024-03-27T10:19:35","date_gmt":"2024-03-27T10:19:35","guid":{"rendered":"https:\/\/consortium.ascentia.top\/?post_type=product&#038;p=4902"},"modified":"2025-05-07T14:01:41","modified_gmt":"2025-05-07T14:01:41","slug":"spray-fill-limenka-za-sprej","status":"publish","type":"product","link":"http:\/\/consortium.ascentia.top\/sl\/trgovina\/auto-program\/lakovi-2k-1k-auto-kitovi-i-pribor\/spray-fill-limenka-za-sprej\/","title":{"rendered":"Sprej Fill - plo\u010devinka za sprej"},"content":{"rendered":"<ul>\n<li>Vsebuje univerzalna razred\u010dila in plin.<\/li>\n<li>Primerna za vse 1K in 2K barve, 1K temelje, 2K akrilne in epoksi temelje ter 1K in 2K lake.<\/li>\n<li>Lahko se uporablja z utrjevalcem 801 BODY CONVERTER za 2K izdelke.<\/li>\n<\/ul>","protected":false},"excerpt":{"rendered":"<p>Sadr\u017ei univerzalne razrje\u0111iva\u010de i plin. Pogodna za sve 1K i 2K boje,1K primere,2K akrilne i epoxy primere, te 1K i 2K lakove. Mo\u017ee se koristiti za 801 BODY CONVERTER u\u010dvr\u0161\u010diva\u010dem za 2K proizvode.<\/p>","protected":false},"featured_media":4904,"template":"","meta":[],"product_brand":[],"product_cat":[201,202],"product_tag":[],"class_list":{"0":"post-4902","1":"product","2":"type-product","3":"status-publish","4":"has-post-thumbnail","6":"product_cat-auto-program","7":"product_cat-lakovi-2k-1k-auto-kitovi-i-pribor","9":"first","10":"instock","11":"shipping-taxable","12":"purchasable","13":"product-type-variable","14":"wvs-archive-product-wrapper"},"acf":[],"_links":{"self":[{"href":"http:\/\/consortium.ascentia.top\/sl\/wp-json\/wp\/v2\/product\/4902","targetHints":{"allow":["GET"]}}],"collection":[{"href":"http:\/\/consortium.ascentia.top\/sl\/wp-json\/wp\/v2\/product"}],"about":[{"href":"http:\/\/consortium.ascentia.top\/sl\/wp-json\/wp\/v2\/types\/product"}],"wp:featuredmedia":[{"embeddable":true,"href":"http:\/\/consortium.ascentia.top\/sl\/wp-json\/wp\/v2\/media\/4904"}],"wp:attachment":[{"href":"http:\/\/consortium.ascentia.top\/sl\/wp-json\/wp\/v2\/media?parent=4902"}],"wp:term":[{"taxonomy":"product_brand","embeddable":true,"href":"http:\/\/consortium.ascentia.top\/sl\/wp-json\/wp\/v2\/product_brand?post=4902"},{"taxonomy":"product_cat","embeddable":true,"href":"http:\/\/consortium.ascentia.top\/sl\/wp-json\/wp\/v2\/product_cat?post=4902"},{"taxonomy":"product_tag","embeddable":true,"href":"http:\/\/consortium.ascentia.top\/sl\/wp-json\/wp\/v2\/product_tag?post=4902"}],"curies":[{"name":"wp","href":"https:\/\/api.w.org\/{rel}","templated":true}]}}