{"id":4897,"date":"2024-03-27T09:58:39","date_gmt":"2024-03-27T09:58:39","guid":{"rendered":"https:\/\/consortium.ascentia.top\/?post_type=product&#038;p=4897"},"modified":"2025-05-07T14:01:01","modified_gmt":"2025-05-07T14:01:01","slug":"a715-turbo-ax-accelerator-ubrzivac-za-hb-body-lakove","status":"publish","type":"product","link":"http:\/\/consortium.ascentia.top\/sl\/trgovina\/auto-program\/lakovi-2k-1k-auto-kitovi-i-pribor\/a715-turbo-ax-accelerator-ubrzivac-za-hb-body-lakove\/","title":{"rendered":"A715 Turbo AX Accelerator - pospe\u0161evalec za HB Body lake"},"content":{"rendered":"<div class=\"docos-collapsible-replyview\">\n<div class=\"docos-replyview-static\">\n<ul>\n<li class=\"docos-replyview-body docos-anchoredreplyview-body docos-replyview-body-emoji-reactable\" dir=\"ltr\">Izjemen pospe\u0161evalnik, zdru\u017eljiv z vsemi HB BODY prozornimi laki.<\/li>\n<li class=\"docos-replyview-body docos-anchoredreplyview-body docos-replyview-body-emoji-reactable\" dir=\"ltr\">Skraj\u0161a \u010das su\u0161enja in daje odli\u010dne rezultate.<\/li>\n<li class=\"docos-replyview-body docos-anchoredreplyview-body docos-replyview-body-emoji-reactable\" dir=\"ltr\">Uporabite 4 \u010depke na 1 liter izdelka, pripravljenega za uporabo.<\/li>\n<\/ul>\n<\/div>\n<\/div>","protected":false},"excerpt":{"rendered":"<p>Izvanredan ubrziva\u010d kompatibilan sa svim HB BODY prozirnim lakovima. Skra\u010duje vrijeme su\u0161enja daju\u0107i izvrsne rezultate. Koristite 4 \u010depa na 1 litru proizvoda spremnog za upotrebu.<\/p>","protected":false},"featured_media":4894,"template":"","meta":[],"product_brand":[],"product_cat":[201,202],"product_tag":[],"class_list":{"0":"post-4897","1":"product","2":"type-product","3":"status-publish","4":"has-post-thumbnail","6":"product_cat-auto-program","7":"product_cat-lakovi-2k-1k-auto-kitovi-i-pribor","9":"first","10":"instock","11":"shipping-taxable","12":"purchasable","13":"product-type-variable","14":"wvs-archive-product-wrapper"},"acf":[],"_links":{"self":[{"href":"http:\/\/consortium.ascentia.top\/sl\/wp-json\/wp\/v2\/product\/4897","targetHints":{"allow":["GET"]}}],"collection":[{"href":"http:\/\/consortium.ascentia.top\/sl\/wp-json\/wp\/v2\/product"}],"about":[{"href":"http:\/\/consortium.ascentia.top\/sl\/wp-json\/wp\/v2\/types\/product"}],"wp:featuredmedia":[{"embeddable":true,"href":"http:\/\/consortium.ascentia.top\/sl\/wp-json\/wp\/v2\/media\/4894"}],"wp:attachment":[{"href":"http:\/\/consortium.ascentia.top\/sl\/wp-json\/wp\/v2\/media?parent=4897"}],"wp:term":[{"taxonomy":"product_brand","embeddable":true,"href":"http:\/\/consortium.ascentia.top\/sl\/wp-json\/wp\/v2\/product_brand?post=4897"},{"taxonomy":"product_cat","embeddable":true,"href":"http:\/\/consortium.ascentia.top\/sl\/wp-json\/wp\/v2\/product_cat?post=4897"},{"taxonomy":"product_tag","embeddable":true,"href":"http:\/\/consortium.ascentia.top\/sl\/wp-json\/wp\/v2\/product_tag?post=4897"}],"curies":[{"name":"wp","href":"https:\/\/api.w.org\/{rel}","templated":true}]}}