{"id":4893,"date":"2024-03-27T09:56:21","date_gmt":"2024-03-27T09:56:21","guid":{"rendered":"https:\/\/consortium.ascentia.top\/?post_type=product&#038;p=4893"},"modified":"2025-05-07T14:01:41","modified_gmt":"2025-05-07T14:01:41","slug":"spray-body-primer-brzosusivi-termoplasticni-temelj","status":"publish","type":"product","link":"http:\/\/consortium.ascentia.top\/sl\/trgovina\/auto-program\/lakovi-2k-1k-auto-kitovi-i-pribor\/spray-body-primer-brzosusivi-termoplasticni-temelj\/","title":{"rendered":"Spray Body Primer - hitro su\u0161e\u010di termoplasti\u010dni temelj"},"content":{"rendered":"<ul>\n<li>Enostavno se bru\u0161i.<\/li>\n<li>Lahko se prebarva z vsemi sistemi barv.<\/li>\n<\/ul>","protected":false},"excerpt":{"rendered":"<p>Enostaven za bru\u0161enje. Lahko se prebarva z vsemi barvnimi sistemi.<\/p>","protected":false},"featured_media":4896,"template":"","meta":[],"product_brand":[],"product_cat":[201,202],"product_tag":[],"class_list":{"0":"post-4893","1":"product","2":"type-product","3":"status-publish","4":"has-post-thumbnail","6":"product_cat-auto-program","7":"product_cat-lakovi-2k-1k-auto-kitovi-i-pribor","9":"first","10":"instock","11":"shipping-taxable","12":"purchasable","13":"product-type-variable","14":"wvs-archive-product-wrapper"},"acf":[],"_links":{"self":[{"href":"http:\/\/consortium.ascentia.top\/sl\/wp-json\/wp\/v2\/product\/4893","targetHints":{"allow":["GET"]}}],"collection":[{"href":"http:\/\/consortium.ascentia.top\/sl\/wp-json\/wp\/v2\/product"}],"about":[{"href":"http:\/\/consortium.ascentia.top\/sl\/wp-json\/wp\/v2\/types\/product"}],"wp:featuredmedia":[{"embeddable":true,"href":"http:\/\/consortium.ascentia.top\/sl\/wp-json\/wp\/v2\/media\/4896"}],"wp:attachment":[{"href":"http:\/\/consortium.ascentia.top\/sl\/wp-json\/wp\/v2\/media?parent=4893"}],"wp:term":[{"taxonomy":"product_brand","embeddable":true,"href":"http:\/\/consortium.ascentia.top\/sl\/wp-json\/wp\/v2\/product_brand?post=4893"},{"taxonomy":"product_cat","embeddable":true,"href":"http:\/\/consortium.ascentia.top\/sl\/wp-json\/wp\/v2\/product_cat?post=4893"},{"taxonomy":"product_tag","embeddable":true,"href":"http:\/\/consortium.ascentia.top\/sl\/wp-json\/wp\/v2\/product_tag?post=4893"}],"curies":[{"name":"wp","href":"https:\/\/api.w.org\/{rel}","templated":true}]}}