{"id":4890,"date":"2024-03-27T09:51:38","date_gmt":"2024-03-27T09:51:38","guid":{"rendered":"https:\/\/consortium.ascentia.top\/?post_type=product&#038;p=4890"},"modified":"2025-05-07T14:01:13","modified_gmt":"2025-05-07T14:01:13","slug":"f213-uniplus-2k-poliesterski-kit","status":"publish","type":"product","link":"http:\/\/consortium.ascentia.top\/sl\/trgovina\/auto-program\/lakovi-2k-1k-auto-kitovi-i-pribor\/f213-uniplus-2k-poliesterski-kit\/","title":{"rendered":"F213 Uniplus - 2K poliestrski kit"},"content":{"rendered":"<p><strong>2K univerzalni poliesterski kit.<\/strong><\/p>\n<ul>\n<li>Primeren za vse vrste povr\u0161in.<\/li>\n<li>Bru\u0161i se z granulacijo P100\u2013P180.<\/li>\n<\/ul>\n<p><strong>Utrjevalec ni prilo\u017een artiklu.<\/strong> Lahko ga kupite na povezavi:\u00a0<a href=\"https:\/\/consortium.ascentia.top\/sl\/trgovina\/auto-program\/lakovi-2k-1k-auto-kitovi-i-pribor\/ucvrscivac-za-kit\/\">Utrjevalec za kit<\/a><\/p>","protected":false},"excerpt":{"rendered":"<p>2K univerzalni poliesterski kit. Koristi se za sve vrste povr\u0161ina. Brusi se sa P 100 - P 180. U\u010dvr\u0161\u0107iva\u010d ne dolazi sa artiklom. Mo\u017eete ga kupiti na linku:\u00a0U\u010dvr\u0161\u0107iva\u010d za kit<\/p>","protected":false},"featured_media":4891,"template":"","meta":[],"product_brand":[],"product_cat":[201,202],"product_tag":[],"class_list":{"0":"post-4890","1":"product","2":"type-product","3":"status-publish","4":"has-post-thumbnail","6":"product_cat-auto-program","7":"product_cat-lakovi-2k-1k-auto-kitovi-i-pribor","9":"first","10":"instock","11":"shipping-taxable","12":"purchasable","13":"product-type-variable","14":"wvs-archive-product-wrapper"},"acf":[],"_links":{"self":[{"href":"http:\/\/consortium.ascentia.top\/sl\/wp-json\/wp\/v2\/product\/4890","targetHints":{"allow":["GET"]}}],"collection":[{"href":"http:\/\/consortium.ascentia.top\/sl\/wp-json\/wp\/v2\/product"}],"about":[{"href":"http:\/\/consortium.ascentia.top\/sl\/wp-json\/wp\/v2\/types\/product"}],"wp:featuredmedia":[{"embeddable":true,"href":"http:\/\/consortium.ascentia.top\/sl\/wp-json\/wp\/v2\/media\/4891"}],"wp:attachment":[{"href":"http:\/\/consortium.ascentia.top\/sl\/wp-json\/wp\/v2\/media?parent=4890"}],"wp:term":[{"taxonomy":"product_brand","embeddable":true,"href":"http:\/\/consortium.ascentia.top\/sl\/wp-json\/wp\/v2\/product_brand?post=4890"},{"taxonomy":"product_cat","embeddable":true,"href":"http:\/\/consortium.ascentia.top\/sl\/wp-json\/wp\/v2\/product_cat?post=4890"},{"taxonomy":"product_tag","embeddable":true,"href":"http:\/\/consortium.ascentia.top\/sl\/wp-json\/wp\/v2\/product_tag?post=4890"}],"curies":[{"name":"wp","href":"https:\/\/api.w.org\/{rel}","templated":true}]}}