{"id":4886,"date":"2024-03-27T09:48:53","date_gmt":"2024-03-27T09:48:53","guid":{"rendered":"https:\/\/consortium.ascentia.top\/?post_type=product&#038;p=4886"},"modified":"2025-05-07T14:01:00","modified_gmt":"2025-05-07T14:01:00","slug":"205-lp-plus-soft-2k-poliesterski-kit","status":"publish","type":"product","link":"http:\/\/consortium.ascentia.top\/sl\/trgovina\/auto-program\/lakovi-2k-1k-auto-kitovi-i-pribor\/205-lp-plus-soft-2k-poliesterski-kit\/","title":{"rendered":"205 LP Plus Soft - 2K poliesterski kit"},"content":{"rendered":"<p><strong>2K poliesterski kit za kovino, les in poliesterske povr\u0161ine.<\/strong><\/p>\n<ul>\n<li>Enostaven za bru\u0161enje, tudi ve\u010d dni po nanosu.<\/li>\n<li>Hitro in enostavno su\u0161enje.<\/li>\n<li>Bru\u0161enje z granulacijo P80\u2013P150 zagotavlja popolno kon\u010dno povr\u0161ino brez luknjic.<\/li>\n<li>Ustvari ravno povr\u0161ino brez luknjic.<\/li>\n<\/ul>\n<p><strong>Utrjevalec ni prilo\u017een artiklu.<\/strong> Lahko ga kupite na povezavi:\u00a0<a href=\"https:\/\/consortium.ascentia.top\/sl\/trgovina\/auto-program\/lakovi-2k-1k-auto-kitovi-i-pribor\/ucvrscivac-za-kit\/\">Utrjevalec za kit<\/a><\/p>","protected":false},"excerpt":{"rendered":"<p>2K poliesterski kit za metal, drvo i poliesterske povr\u0161ine. Lako se brusi \u010dak i nekoliko dana nakon nano\u0161enja. Su\u0161i se brzo i lako. Brusi se sa P80-P150 daju\u0107i perfektnu zavr\u0161nu povr\u0161inu bez rupica. Ostavlja ravnu povr\u0161inu bez rupica. U\u010dvr\u0161\u0107iva\u010d ne dolazi sa artiklom. Mo\u017eete ga kupiti na linku:\u00a0U\u010dvr\u0161\u0107iva\u010d za kit<\/p>","protected":false},"featured_media":10446,"template":"","meta":[],"product_brand":[],"product_cat":[201,202],"product_tag":[],"class_list":{"0":"post-4886","1":"product","2":"type-product","3":"status-publish","4":"has-post-thumbnail","6":"product_cat-auto-program","7":"product_cat-lakovi-2k-1k-auto-kitovi-i-pribor","9":"first","10":"instock","11":"shipping-taxable","12":"purchasable","13":"product-type-variable","14":"wvs-archive-product-wrapper"},"acf":[],"_links":{"self":[{"href":"http:\/\/consortium.ascentia.top\/sl\/wp-json\/wp\/v2\/product\/4886","targetHints":{"allow":["GET"]}}],"collection":[{"href":"http:\/\/consortium.ascentia.top\/sl\/wp-json\/wp\/v2\/product"}],"about":[{"href":"http:\/\/consortium.ascentia.top\/sl\/wp-json\/wp\/v2\/types\/product"}],"wp:featuredmedia":[{"embeddable":true,"href":"http:\/\/consortium.ascentia.top\/sl\/wp-json\/wp\/v2\/media\/10446"}],"wp:attachment":[{"href":"http:\/\/consortium.ascentia.top\/sl\/wp-json\/wp\/v2\/media?parent=4886"}],"wp:term":[{"taxonomy":"product_brand","embeddable":true,"href":"http:\/\/consortium.ascentia.top\/sl\/wp-json\/wp\/v2\/product_brand?post=4886"},{"taxonomy":"product_cat","embeddable":true,"href":"http:\/\/consortium.ascentia.top\/sl\/wp-json\/wp\/v2\/product_cat?post=4886"},{"taxonomy":"product_tag","embeddable":true,"href":"http:\/\/consortium.ascentia.top\/sl\/wp-json\/wp\/v2\/product_tag?post=4886"}],"curies":[{"name":"wp","href":"https:\/\/api.w.org\/{rel}","templated":true}]}}