{"id":4883,"date":"2024-03-27T09:46:48","date_gmt":"2024-03-27T09:46:48","guid":{"rendered":"https:\/\/consortium.ascentia.top\/?post_type=product&#038;p=4883"},"modified":"2025-05-07T14:01:01","modified_gmt":"2025-05-07T14:01:01","slug":"989-41-epoxy-primer-2k-epoksi-primer","status":"publish","type":"product","link":"http:\/\/consortium.ascentia.top\/sl\/trgovina\/auto-program\/lakovi-2k-1k-auto-kitovi-i-pribor\/989-41-epoxy-primer-2k-epoksi-primer\/","title":{"rendered":"989 4:1 Epoxy Primer - 2K epoksi temelj"},"content":{"rendered":"<p><strong>2K visokokakovostni epoksi temeljni premaz z antikorozijskimi lastnostmi.<\/strong><\/p>\n<ul>\n<li>Odli\u010den izolator z izjemnimi sposobnostmi oprijema in zapolnjevanja.<\/li>\n<li>Me\u0161a se v razmerju 4:1 z H732 utrjevalcem.<\/li>\n<\/ul>","protected":false},"excerpt":{"rendered":"<p>2K visokokvalitetni epoxy primer s antikorozivnim osobinama. Odli\u010dan izolator s izuzetnim sposobnostima prijanjanja i popunjavanja. Mije\u0161a se 4:1 sa H732 u\u010dvr\u0161\u010diva\u010dem.<\/p>","protected":false},"featured_media":9052,"template":"","meta":[],"product_brand":[],"product_cat":[201,202],"product_tag":[],"class_list":{"0":"post-4883","1":"product","2":"type-product","3":"status-publish","4":"has-post-thumbnail","6":"product_cat-auto-program","7":"product_cat-lakovi-2k-1k-auto-kitovi-i-pribor","9":"first","10":"instock","11":"shipping-taxable","12":"purchasable","13":"product-type-variable","14":"wvs-archive-product-wrapper"},"acf":[],"_links":{"self":[{"href":"http:\/\/consortium.ascentia.top\/sl\/wp-json\/wp\/v2\/product\/4883","targetHints":{"allow":["GET"]}}],"collection":[{"href":"http:\/\/consortium.ascentia.top\/sl\/wp-json\/wp\/v2\/product"}],"about":[{"href":"http:\/\/consortium.ascentia.top\/sl\/wp-json\/wp\/v2\/types\/product"}],"wp:featuredmedia":[{"embeddable":true,"href":"http:\/\/consortium.ascentia.top\/sl\/wp-json\/wp\/v2\/media\/9052"}],"wp:attachment":[{"href":"http:\/\/consortium.ascentia.top\/sl\/wp-json\/wp\/v2\/media?parent=4883"}],"wp:term":[{"taxonomy":"product_brand","embeddable":true,"href":"http:\/\/consortium.ascentia.top\/sl\/wp-json\/wp\/v2\/product_brand?post=4883"},{"taxonomy":"product_cat","embeddable":true,"href":"http:\/\/consortium.ascentia.top\/sl\/wp-json\/wp\/v2\/product_cat?post=4883"},{"taxonomy":"product_tag","embeddable":true,"href":"http:\/\/consortium.ascentia.top\/sl\/wp-json\/wp\/v2\/product_tag?post=4883"}],"curies":[{"name":"wp","href":"https:\/\/api.w.org\/{rel}","templated":true}]}}