{"id":4869,"date":"2024-03-27T09:38:18","date_gmt":"2024-03-27T09:38:18","guid":{"rendered":"https:\/\/consortium.ascentia.top\/?post_type=product&#038;p=4869"},"modified":"2025-05-07T14:01:00","modified_gmt":"2025-05-07T14:01:00","slug":"740-acryl-normal-thinner-akrilni-razrjedivac-za-2k-akrile","status":"publish","type":"product","link":"http:\/\/consortium.ascentia.top\/sl\/trgovina\/auto-program\/lakovi-2k-1k-auto-kitovi-i-pribor\/740-acryl-normal-thinner-akrilni-razrjedivac-za-2k-akrile\/","title":{"rendered":"740 Acryl Normal Thinner - akrilni razred\u010devalec za 2K akrile"},"content":{"rendered":"<div class=\"docos-replyview-body docos-anchoredreplyview-body docos-replyview-body-emoji-reactable\" dir=\"ltr\"><strong>Poseben razred\u010devalec (reduktor) se uporablja za razred\u010devanje poliuretanske smole, kot so akrilni temeljni premazi, 2K akrilni zgornji premazi in osnovni premazi z topilom.<\/strong><\/div>\n<div dir=\"ltr\"><\/div>\n<ul>\n<li class=\"docos-replyview-body docos-anchoredreplyview-body docos-replyview-body-emoji-reactable\" dir=\"ltr\">Popolno razred\u010di in zagotovi popolno povr\u0161ino brez podalj\u0161anja \u010dasa su\u0161enja.<\/li>\n<li class=\"docos-replyview-body docos-anchoredreplyview-body docos-replyview-body-emoji-reactable\" dir=\"ltr\">Uporabiti se lahko tudi za opremo za \u010di\u0161\u010denje, ki se uporablja pri nana\u0161anju akrilnega materiala.<\/li>\n<li class=\"docos-replyview-body docos-anchoredreplyview-body docos-replyview-body-emoji-reactable\" dir=\"ltr\">Ne vsebuje recikliranih topil.<\/li>\n<\/ul>","protected":false},"excerpt":{"rendered":"<p>Posebno razred\u010dilo (reduktor) se uporablja za red\u010denje poliuretanske smole, kot so akrilni temeljni premazi, 2K akrilni zaklju\u010dni premazi in osnovni premazi z topilom. Odli\u010dno razred\u010duje in zagotavlja popolno povr\u0161ino brez podalj\u0161anja \u010dasa su\u0161enja. Uporablja se lahko tudi za \u010di\u0161\u010denje opreme, uporabljene pri nanosu akrilnega materiala. Ne vsebuje recikliranih topil.<\/p>","protected":false},"featured_media":9055,"template":"","meta":[],"product_brand":[],"product_cat":[201,202],"product_tag":[],"class_list":{"0":"post-4869","1":"product","2":"type-product","3":"status-publish","4":"has-post-thumbnail","6":"product_cat-auto-program","7":"product_cat-lakovi-2k-1k-auto-kitovi-i-pribor","9":"first","10":"instock","11":"shipping-taxable","12":"purchasable","13":"product-type-variable","14":"wvs-archive-product-wrapper"},"acf":[],"_links":{"self":[{"href":"http:\/\/consortium.ascentia.top\/sl\/wp-json\/wp\/v2\/product\/4869","targetHints":{"allow":["GET"]}}],"collection":[{"href":"http:\/\/consortium.ascentia.top\/sl\/wp-json\/wp\/v2\/product"}],"about":[{"href":"http:\/\/consortium.ascentia.top\/sl\/wp-json\/wp\/v2\/types\/product"}],"wp:featuredmedia":[{"embeddable":true,"href":"http:\/\/consortium.ascentia.top\/sl\/wp-json\/wp\/v2\/media\/9055"}],"wp:attachment":[{"href":"http:\/\/consortium.ascentia.top\/sl\/wp-json\/wp\/v2\/media?parent=4869"}],"wp:term":[{"taxonomy":"product_brand","embeddable":true,"href":"http:\/\/consortium.ascentia.top\/sl\/wp-json\/wp\/v2\/product_brand?post=4869"},{"taxonomy":"product_cat","embeddable":true,"href":"http:\/\/consortium.ascentia.top\/sl\/wp-json\/wp\/v2\/product_cat?post=4869"},{"taxonomy":"product_tag","embeddable":true,"href":"http:\/\/consortium.ascentia.top\/sl\/wp-json\/wp\/v2\/product_tag?post=4869"}],"curies":[{"name":"wp","href":"https:\/\/api.w.org\/{rel}","templated":true}]}}