{"id":4863,"date":"2024-03-27T09:33:44","date_gmt":"2024-03-27T09:33:44","guid":{"rendered":"https:\/\/consortium.ascentia.top\/?post_type=product&#038;p=4863"},"modified":"2025-05-07T14:01:01","modified_gmt":"2025-05-07T14:01:01","slug":"777-blend-in-thinner-specijalni-razrjedivac","status":"publish","type":"product","link":"http:\/\/consortium.ascentia.top\/sl\/trgovina\/auto-program\/lakovi-2k-1k-auto-kitovi-i-pribor\/777-blend-in-thinner-specijalni-razrjedivac\/","title":{"rendered":"777 Blend In Thinner - poseben razred\u010dilo"},"content":{"rendered":"<p><strong>Posebno razred\u010dilo (reduktor) za delno barvanje in lakiranje (vbrizgavanje) zaklju\u010dnih slojev barv in lakov.<\/strong><\/p>\n<p>Prav tako poznano kot fade out razred\u010dilo.<\/p>","protected":false},"excerpt":{"rendered":"<p>Specijalni razrje\u0111iva\u010d (reduktor) za djelomi\u010dno bojenje i lakiranje (ubrizgavanje) zavr\u0161nih slojeva boje i lakova. Tako\u0111er poznat i kao fade out razrje\u0111iva\u010d.<\/p>","protected":false},"featured_media":9051,"template":"","meta":[],"product_brand":[],"product_cat":[201,202],"product_tag":[],"class_list":{"0":"post-4863","1":"product","2":"type-product","3":"status-publish","4":"has-post-thumbnail","6":"product_cat-auto-program","7":"product_cat-lakovi-2k-1k-auto-kitovi-i-pribor","9":"first","10":"instock","11":"shipping-taxable","12":"purchasable","13":"product-type-variable","14":"wvs-archive-product-wrapper"},"acf":[],"_links":{"self":[{"href":"http:\/\/consortium.ascentia.top\/sl\/wp-json\/wp\/v2\/product\/4863","targetHints":{"allow":["GET"]}}],"collection":[{"href":"http:\/\/consortium.ascentia.top\/sl\/wp-json\/wp\/v2\/product"}],"about":[{"href":"http:\/\/consortium.ascentia.top\/sl\/wp-json\/wp\/v2\/types\/product"}],"wp:featuredmedia":[{"embeddable":true,"href":"http:\/\/consortium.ascentia.top\/sl\/wp-json\/wp\/v2\/media\/9051"}],"wp:attachment":[{"href":"http:\/\/consortium.ascentia.top\/sl\/wp-json\/wp\/v2\/media?parent=4863"}],"wp:term":[{"taxonomy":"product_brand","embeddable":true,"href":"http:\/\/consortium.ascentia.top\/sl\/wp-json\/wp\/v2\/product_brand?post=4863"},{"taxonomy":"product_cat","embeddable":true,"href":"http:\/\/consortium.ascentia.top\/sl\/wp-json\/wp\/v2\/product_cat?post=4863"},{"taxonomy":"product_tag","embeddable":true,"href":"http:\/\/consortium.ascentia.top\/sl\/wp-json\/wp\/v2\/product_tag?post=4863"}],"curies":[{"name":"wp","href":"https:\/\/api.w.org\/{rel}","templated":true}]}}