{"id":4857,"date":"2024-03-27T09:29:58","date_gmt":"2024-03-27T09:29:58","guid":{"rendered":"https:\/\/consortium.ascentia.top\/?post_type=product&#038;p=4857"},"modified":"2025-05-07T14:01:01","modified_gmt":"2025-05-07T14:01:01","slug":"800-matting-agent","status":"publish","type":"product","link":"http:\/\/consortium.ascentia.top\/sl\/trgovina\/auto-program\/lakovi-2k-1k-auto-kitovi-i-pribor\/800-matting-agent\/","title":{"rendered":"800 Matting Agent"},"content":{"rendered":"<p><strong>Specialno razvito sredstvo za zmanj\u0161anje sijaja 1K ali 2K barv in premazov. <\/strong><\/p>\n<p>Odvisno od \u017eelene kon\u010dne stopnje sijaja, doda se 20-50 % tega sredstva.<\/p>\n<p>Po dodajanju sredstva za matiranje je potrebno zmanj\u0161ati koli\u010dino razred\u010dila.<\/p>","protected":false},"excerpt":{"rendered":"<p>Specijalno razvijeno sredstvo za umanjenje sjaja ko 1K ili 2K boja i lakova. Ovisno o \u017eeljenoj zavr\u0161noj razini sjaja dodaje se 20-50% ovog sredstva. Nakon dodavanja mating agenta, potrebno je smanjiti koli\u010dinu razre\u0111iva\u010da.<\/p>","protected":false},"featured_media":9050,"template":"","meta":[],"product_brand":[],"product_cat":[201,202],"product_tag":[],"class_list":{"0":"post-4857","1":"product","2":"type-product","3":"status-publish","4":"has-post-thumbnail","6":"product_cat-auto-program","7":"product_cat-lakovi-2k-1k-auto-kitovi-i-pribor","9":"first","10":"instock","11":"shipping-taxable","12":"purchasable","13":"product-type-variable","14":"wvs-archive-product-wrapper"},"acf":[],"_links":{"self":[{"href":"http:\/\/consortium.ascentia.top\/sl\/wp-json\/wp\/v2\/product\/4857","targetHints":{"allow":["GET"]}}],"collection":[{"href":"http:\/\/consortium.ascentia.top\/sl\/wp-json\/wp\/v2\/product"}],"about":[{"href":"http:\/\/consortium.ascentia.top\/sl\/wp-json\/wp\/v2\/types\/product"}],"wp:featuredmedia":[{"embeddable":true,"href":"http:\/\/consortium.ascentia.top\/sl\/wp-json\/wp\/v2\/media\/9050"}],"wp:attachment":[{"href":"http:\/\/consortium.ascentia.top\/sl\/wp-json\/wp\/v2\/media?parent=4857"}],"wp:term":[{"taxonomy":"product_brand","embeddable":true,"href":"http:\/\/consortium.ascentia.top\/sl\/wp-json\/wp\/v2\/product_brand?post=4857"},{"taxonomy":"product_cat","embeddable":true,"href":"http:\/\/consortium.ascentia.top\/sl\/wp-json\/wp\/v2\/product_cat?post=4857"},{"taxonomy":"product_tag","embeddable":true,"href":"http:\/\/consortium.ascentia.top\/sl\/wp-json\/wp\/v2\/product_tag?post=4857"}],"curies":[{"name":"wp","href":"https:\/\/api.w.org\/{rel}","templated":true}]}}