{"id":4852,"date":"2024-03-26T14:27:25","date_gmt":"2024-03-26T14:27:25","guid":{"rendered":"https:\/\/consortium.ascentia.top\/?post_type=product&#038;p=4852"},"modified":"2025-05-07T14:01:08","modified_gmt":"2025-05-07T14:01:08","slug":"colour-mix-cup-posuda-pvc","status":"publish","type":"product","link":"http:\/\/consortium.ascentia.top\/sl\/trgovina\/auto-program\/lakovi-2k-1k-auto-kitovi-i-pribor\/colour-mix-cup-posuda-pvc\/","title":{"rendered":"Colour Mix Cup - posoda PVC"},"content":{"rendered":"<div class=\"docos-collapsible-replyview\">\n<div class=\"docos-replyview-static\">\n<div class=\"docos-replyview-body docos-anchoredreplyview-body docos-replyview-body-emoji-reactable\" dir=\"ltr\">Te visokokakovostne enkratne posode za me\u0161anje se uporabljajo za \u010disto in natan\u010dno me\u0161anje vseh materialov za barve, kot so osnovne barve, prozorni premazi, polnila itd.<\/div>\n<\/div>\n<\/div>","protected":false},"excerpt":{"rendered":"<p>Te visokokakovostne enkratne posode za me\u0161anje se uporabljajo za \u010disto in natan\u010dno me\u0161anje vseh materialov za barve, kot so osnovne barve, prozorni premazi, polnila itd.<\/p>","protected":false},"featured_media":4853,"template":"","meta":[],"product_brand":[],"product_cat":[201,202],"product_tag":[],"class_list":{"0":"post-4852","1":"product","2":"type-product","3":"status-publish","4":"has-post-thumbnail","6":"product_cat-auto-program","7":"product_cat-lakovi-2k-1k-auto-kitovi-i-pribor","9":"first","10":"instock","11":"shipping-taxable","12":"purchasable","13":"product-type-variable","14":"wvs-archive-product-wrapper"},"acf":[],"_links":{"self":[{"href":"http:\/\/consortium.ascentia.top\/sl\/wp-json\/wp\/v2\/product\/4852","targetHints":{"allow":["GET"]}}],"collection":[{"href":"http:\/\/consortium.ascentia.top\/sl\/wp-json\/wp\/v2\/product"}],"about":[{"href":"http:\/\/consortium.ascentia.top\/sl\/wp-json\/wp\/v2\/types\/product"}],"wp:featuredmedia":[{"embeddable":true,"href":"http:\/\/consortium.ascentia.top\/sl\/wp-json\/wp\/v2\/media\/4853"}],"wp:attachment":[{"href":"http:\/\/consortium.ascentia.top\/sl\/wp-json\/wp\/v2\/media?parent=4852"}],"wp:term":[{"taxonomy":"product_brand","embeddable":true,"href":"http:\/\/consortium.ascentia.top\/sl\/wp-json\/wp\/v2\/product_brand?post=4852"},{"taxonomy":"product_cat","embeddable":true,"href":"http:\/\/consortium.ascentia.top\/sl\/wp-json\/wp\/v2\/product_cat?post=4852"},{"taxonomy":"product_tag","embeddable":true,"href":"http:\/\/consortium.ascentia.top\/sl\/wp-json\/wp\/v2\/product_tag?post=4852"}],"curies":[{"name":"wp","href":"https:\/\/api.w.org\/{rel}","templated":true}]}}