{"id":4839,"date":"2024-03-26T14:14:50","date_gmt":"2024-03-26T14:14:50","guid":{"rendered":"https:\/\/consortium.ascentia.top\/?post_type=product&#038;p=4839"},"modified":"2025-05-07T14:01:33","modified_gmt":"2025-05-07T14:01:33","slug":"s115-auto-seal-brtvilo","status":"publish","type":"product","link":"http:\/\/consortium.ascentia.top\/sl\/trgovina\/auto-program\/lakovi-2k-1k-auto-kitovi-i-pribor\/s115-auto-seal-brtvilo\/","title":{"rendered":"S115 Auto Seal tesnilo"},"content":{"rendered":"<p><strong>Tesnilo na bazi gume, posebno razvito za lepljenje metalnih povr\u0161in in izpolnjevanje spojnikov.<\/strong><\/p>\n<ul>\n<li class=\"docos-replyview-body docos-anchoredreplyview-body docos-replyview-body-emoji-reactable\" dir=\"ltr\">Primeren je tudi za notranje dele avtomobila, ki niso neposredno izpostavljeni UV \u017earkom.<\/li>\n<li class=\"docos-replyview-body docos-anchoredreplyview-body docos-replyview-body-emoji-reactable\" dir=\"ltr\">Enostavno se nanese z ro\u010dnim ali pnevmatskim pi\u0161tolom ali \u010dopi\u010dem.<\/li>\n<li class=\"docos-replyview-body docos-anchoredreplyview-body docos-replyview-body-emoji-reactable\" dir=\"ltr\">Hitro se su\u0161i, odvisno od debeline, ostane elasti\u010den in dimenzijsko stabilen.<\/li>\n<li class=\"docos-replyview-body docos-anchoredreplyview-body docos-replyview-body-emoji-reactable\" dir=\"ltr\">Po su\u0161enju se lahko prekriva z vsakr\u0161nim sistemom barv, ki ima visoko obstojnost na staranje.<\/li>\n<\/ul>","protected":false},"excerpt":{"rendered":"<p>Brtvilo na bazi gume, posebno razvijeno za lijepljenje metalnih povr\u0161ina i ispuna spojeva. Pogodan je i za unutra\u0161nje dijelove automobila koji nisu izravno izlo\u017eeni UV zrakama. Lako se nanosi ru\u010dnim ili pneumatskim pi\u0161toljem ili \u010detkom. Brzo se su\u0161i, ovisno o debljini, ostaje elasti\u010dan i dimenzionalno stabilan. Nakon su\u0161enja mo\u017ee se premazivati bilo kojom vrstom sustava [&hellip;]<\/p>","protected":false},"featured_media":4840,"template":"","meta":[],"product_brand":[],"product_cat":[201,202],"product_tag":[],"class_list":{"0":"post-4839","1":"product","2":"type-product","3":"status-publish","4":"has-post-thumbnail","6":"product_cat-auto-program","7":"product_cat-lakovi-2k-1k-auto-kitovi-i-pribor","9":"first","10":"instock","11":"shipping-taxable","12":"purchasable","13":"product-type-variable","14":"wvs-archive-product-wrapper"},"acf":[],"_links":{"self":[{"href":"http:\/\/consortium.ascentia.top\/sl\/wp-json\/wp\/v2\/product\/4839","targetHints":{"allow":["GET"]}}],"collection":[{"href":"http:\/\/consortium.ascentia.top\/sl\/wp-json\/wp\/v2\/product"}],"about":[{"href":"http:\/\/consortium.ascentia.top\/sl\/wp-json\/wp\/v2\/types\/product"}],"wp:featuredmedia":[{"embeddable":true,"href":"http:\/\/consortium.ascentia.top\/sl\/wp-json\/wp\/v2\/media\/4840"}],"wp:attachment":[{"href":"http:\/\/consortium.ascentia.top\/sl\/wp-json\/wp\/v2\/media?parent=4839"}],"wp:term":[{"taxonomy":"product_brand","embeddable":true,"href":"http:\/\/consortium.ascentia.top\/sl\/wp-json\/wp\/v2\/product_brand?post=4839"},{"taxonomy":"product_cat","embeddable":true,"href":"http:\/\/consortium.ascentia.top\/sl\/wp-json\/wp\/v2\/product_cat?post=4839"},{"taxonomy":"product_tag","embeddable":true,"href":"http:\/\/consortium.ascentia.top\/sl\/wp-json\/wp\/v2\/product_tag?post=4839"}],"curies":[{"name":"wp","href":"https:\/\/api.w.org\/{rel}","templated":true}]}}