{"id":4835,"date":"2024-03-26T14:06:54","date_gmt":"2024-03-26T14:06:54","guid":{"rendered":"https:\/\/consortium.ascentia.top\/?post_type=product&#038;p=4835"},"modified":"2025-05-07T14:01:26","modified_gmt":"2025-05-07T14:01:26","slug":"p307-41-hs-filling-primer","status":"publish","type":"product","link":"http:\/\/consortium.ascentia.top\/sl\/trgovina\/auto-program\/lakovi-2k-1k-auto-kitovi-i-pribor\/p307-41-hs-filling-primer\/","title":{"rendered":"P307 4:1 HS Filling Primer"},"content":{"rendered":"<p><strong>2K visokokakovostni akrilni temelj z odli\u010dnimi lastnostmi tesnjenja in izravnave ter odli\u010dno adhezijo na nebru\u0161ene OEM panele.<\/strong><\/p>\n<ul>\n<li>Uporaba tudi kot temelj za bru\u0161enje ali wet-on-wet temelj.<\/li>\n<li>Razmerje me\u0161anja 4:1 z utrjevalci za temelj. <a href=\"https:\/\/consortium.ascentia.top\/sl\/trgovina\/auto-program\/lakovi-2k-1k-auto-kitovi-i-pribor\/h725-hardener-for-primers-fast-brzi-ucvrscivac-za-2k-primere\/\">H725<\/a> SLOW\/FAST ili H729 NORMAL\/FAST.<\/li>\n<\/ul>","protected":false},"excerpt":{"rendered":"<p>2K visokogradni akrilni primer s izvrsnim svojstvima brtvljenja i ispunjavanja te izvrsnom adhezijom na nebru\u0161ene OEM panele. Primjena i kao primer za bru\u0161enje ili wet-on-wet primer. Omjer mije\u0161anja 4:1 s utvr\u0111iva\u010dima za primer H725 SLOW\/FAST ili H729 NORMAL\/FAST.<\/p>","protected":false},"featured_media":4838,"template":"","meta":[],"product_brand":[],"product_cat":[201,202],"product_tag":[],"class_list":{"0":"post-4835","1":"product","2":"type-product","3":"status-publish","4":"has-post-thumbnail","6":"product_cat-auto-program","7":"product_cat-lakovi-2k-1k-auto-kitovi-i-pribor","9":"first","10":"instock","11":"shipping-taxable","12":"purchasable","13":"product-type-variable","14":"wvs-archive-product-wrapper"},"acf":[],"_links":{"self":[{"href":"http:\/\/consortium.ascentia.top\/sl\/wp-json\/wp\/v2\/product\/4835","targetHints":{"allow":["GET"]}}],"collection":[{"href":"http:\/\/consortium.ascentia.top\/sl\/wp-json\/wp\/v2\/product"}],"about":[{"href":"http:\/\/consortium.ascentia.top\/sl\/wp-json\/wp\/v2\/types\/product"}],"wp:featuredmedia":[{"embeddable":true,"href":"http:\/\/consortium.ascentia.top\/sl\/wp-json\/wp\/v2\/media\/4838"}],"wp:attachment":[{"href":"http:\/\/consortium.ascentia.top\/sl\/wp-json\/wp\/v2\/media?parent=4835"}],"wp:term":[{"taxonomy":"product_brand","embeddable":true,"href":"http:\/\/consortium.ascentia.top\/sl\/wp-json\/wp\/v2\/product_brand?post=4835"},{"taxonomy":"product_cat","embeddable":true,"href":"http:\/\/consortium.ascentia.top\/sl\/wp-json\/wp\/v2\/product_cat?post=4835"},{"taxonomy":"product_tag","embeddable":true,"href":"http:\/\/consortium.ascentia.top\/sl\/wp-json\/wp\/v2\/product_tag?post=4835"}],"curies":[{"name":"wp","href":"https:\/\/api.w.org\/{rel}","templated":true}]}}