{"id":4593,"date":"2024-03-14T20:52:12","date_gmt":"2024-03-14T20:52:12","guid":{"rendered":"https:\/\/consortium.ascentia.top\/?post_type=product&#038;p=4593"},"modified":"2025-05-07T13:59:26","modified_gmt":"2025-05-07T13:59:26","slug":"pattex-express-250-g","status":"publish","type":"product","link":"http:\/\/consortium.ascentia.top\/sl\/trgovina\/pu-pjene-ljepila-i-silikoni\/ljepila\/pattex-express-250-g\/","title":{"rendered":"PATTEX Express 250 g"},"content":{"rendered":"<p><strong>Pattex Wood Express lepilo lepi v kratkem \u010dasu. <\/strong><\/p>\n<ul>\n<li>Za\u010detno lepljenje se dose\u017ee \u017ee po 5 minutah.<\/li>\n<li>Primeren je za vse vrste lesa, kompozitnih materialov in laminatov ter ne vsebuje topil.<\/li>\n<\/ul>","protected":false},"excerpt":{"rendered":"<p>Pattex Wood Express lepilo lepi v kratkem \u010dasu. Za\u010detni oprijem dose\u017ee \u017ee po 5 minutah. Primerno je za vse vrste lesa, kompozitov in laminatov ter ne vsebuje topil.<\/p>","protected":false},"featured_media":4594,"template":"","meta":[],"product_brand":[],"product_cat":[199,197],"product_tag":[],"class_list":{"0":"post-4593","1":"product","2":"type-product","3":"status-publish","4":"has-post-thumbnail","6":"product_cat-ljepila","7":"product_cat-pu-pjene-ljepila-i-silikoni","9":"first","10":"instock","11":"shipping-taxable","12":"purchasable","13":"product-type-simple"},"acf":[],"_links":{"self":[{"href":"http:\/\/consortium.ascentia.top\/sl\/wp-json\/wp\/v2\/product\/4593","targetHints":{"allow":["GET"]}}],"collection":[{"href":"http:\/\/consortium.ascentia.top\/sl\/wp-json\/wp\/v2\/product"}],"about":[{"href":"http:\/\/consortium.ascentia.top\/sl\/wp-json\/wp\/v2\/types\/product"}],"wp:featuredmedia":[{"embeddable":true,"href":"http:\/\/consortium.ascentia.top\/sl\/wp-json\/wp\/v2\/media\/4594"}],"wp:attachment":[{"href":"http:\/\/consortium.ascentia.top\/sl\/wp-json\/wp\/v2\/media?parent=4593"}],"wp:term":[{"taxonomy":"product_brand","embeddable":true,"href":"http:\/\/consortium.ascentia.top\/sl\/wp-json\/wp\/v2\/product_brand?post=4593"},{"taxonomy":"product_cat","embeddable":true,"href":"http:\/\/consortium.ascentia.top\/sl\/wp-json\/wp\/v2\/product_cat?post=4593"},{"taxonomy":"product_tag","embeddable":true,"href":"http:\/\/consortium.ascentia.top\/sl\/wp-json\/wp\/v2\/product_tag?post=4593"}],"curies":[{"name":"wp","href":"https:\/\/api.w.org\/{rel}","templated":true}]}}