{"id":4581,"date":"2024-03-14T20:39:06","date_gmt":"2024-03-14T20:39:06","guid":{"rendered":"https:\/\/consortium.ascentia.top\/?post_type=product&#038;p=4581"},"modified":"2025-05-07T13:59:09","modified_gmt":"2025-05-07T13:59:09","slug":"metylan-specijal-200gr","status":"publish","type":"product","link":"http:\/\/consortium.ascentia.top\/sl\/trgovina\/pu-pjene-ljepila-i-silikoni\/ljepila\/metylan-specijal-200gr\/","title":{"rendered":"Metylan Specijal 200g"},"content":{"rendered":"<p><strong>Metylan Special lepilo za tapete ponuja izbolj\u0161ano u\u010dinkovitost pri lepljenju te\u017ekih tapet, kot so reliefne tapete, tapete iz grobih vlaken in tapete, oblo\u017eene s papirjem. <\/strong><\/p>\n<p>V notranjosti 20 minut je pripravljeno za uporabo in se ga lahko enostavno preme\u0161a brez grudic. Med uporabo je zelo enostavno popravljivo in zaradi visoke vla\u017enosti je idealno za naprave za tapeciranje. Prav tako ga je mogo\u010de nanesti na zadnjo stran tapet na obi\u010dajen na\u010din. Po upo\u0161tevanju \u010dasa meh\u010danja, navedenega na tapeti, se tapeta lahko nalepi na steno.<\/p>\n<p>Specialno lepilo za tapete prepri\u010da s svojo dobrovoljno preizku\u0161njo materialov po standardu T\u00dcV-Nord, ki potrjuje, da je primerno za alergike.<\/p>","protected":false},"excerpt":{"rendered":"<p>Metylan Special ljepilo za tapete nudi pobolj\u0161anu u\u010dinkovitost pri lijepljenju te\u0161kih tapeta kao \u0161to su reljefne tapete, tapete od grubih vlakana i tapete oblo\u017eene papirom. Unutar 20 minuta je spremno za upotrebu i mo\u017ee se lako promije\u0161ati bez grudica. Tijekom primjene je vrlo lako popravljivo i zbog visoke vla\u017enosti idealno je za ure\u0111aje za tapeciranje. [&hellip;]<\/p>","protected":false},"featured_media":4582,"template":"","meta":[],"product_brand":[],"product_cat":[199,197],"product_tag":[],"class_list":{"0":"post-4581","1":"product","2":"type-product","3":"status-publish","4":"has-post-thumbnail","6":"product_cat-ljepila","7":"product_cat-pu-pjene-ljepila-i-silikoni","9":"first","10":"instock","11":"shipping-taxable","12":"purchasable","13":"product-type-simple"},"acf":[],"_links":{"self":[{"href":"http:\/\/consortium.ascentia.top\/sl\/wp-json\/wp\/v2\/product\/4581","targetHints":{"allow":["GET"]}}],"collection":[{"href":"http:\/\/consortium.ascentia.top\/sl\/wp-json\/wp\/v2\/product"}],"about":[{"href":"http:\/\/consortium.ascentia.top\/sl\/wp-json\/wp\/v2\/types\/product"}],"wp:featuredmedia":[{"embeddable":true,"href":"http:\/\/consortium.ascentia.top\/sl\/wp-json\/wp\/v2\/media\/4582"}],"wp:attachment":[{"href":"http:\/\/consortium.ascentia.top\/sl\/wp-json\/wp\/v2\/media?parent=4581"}],"wp:term":[{"taxonomy":"product_brand","embeddable":true,"href":"http:\/\/consortium.ascentia.top\/sl\/wp-json\/wp\/v2\/product_brand?post=4581"},{"taxonomy":"product_cat","embeddable":true,"href":"http:\/\/consortium.ascentia.top\/sl\/wp-json\/wp\/v2\/product_cat?post=4581"},{"taxonomy":"product_tag","embeddable":true,"href":"http:\/\/consortium.ascentia.top\/sl\/wp-json\/wp\/v2\/product_tag?post=4581"}],"curies":[{"name":"wp","href":"https:\/\/api.w.org\/{rel}","templated":true}]}}