{"id":4544,"date":"2024-03-14T20:00:53","date_gmt":"2024-03-14T20:00:53","guid":{"rendered":"https:\/\/consortium.ascentia.top\/?post_type=product&#038;p=4544"},"modified":"2025-05-07T14:00:17","modified_gmt":"2025-05-07T14:00:17","slug":"tytan-profi-ultra-fast-70-niskoeksp-870-ml","status":"publish","type":"product","link":"http:\/\/consortium.ascentia.top\/sl\/trgovina\/pu-pjene-ljepila-i-silikoni\/poliuretanske-pjene\/tytan-profi-ultra-fast-70-niskoeksp-870-ml\/","title":{"rendered":"Tytan Profi Ultra Fast 70 nizkoekspandiraju\u010de 870 ml"},"content":{"rendered":"<div id=\"mainContent\" class=\"container product__info\">\n<div class=\"row marginbottom\">\n<div class=\"col-sm-16 wow fadeIn\">\n<p>Tytan Professional ULTRA FAST 70 PU pena nove generacije z izjemno hitrim \u010dasom strjevanja in zmanj\u0161ano naknadno ekspanzijo. Priporo\u010dljiva je za hitro vgradnjo oken in vrat \u2013 zunanjih in notranjih. Strjuje se pod vplivom vlage v ultra kratkem \u010dasu \u2013 rezanje je mo\u017eno \u017ee po 10 minutah, popolno strjevanje pa dose\u017ee po 90 minutah. Zahvaljujo\u010d inovativni re\u0161itvi ena doza omogo\u010da do 77 litrov pene. Pena je odporna proti plesni in glivicam ter prenese visoke in nizke temperature (od -60 \u00b0C do +100 \u00b0C). Po strjevanju je pena primerna za obdelavo. Tytan Professional ULTRA FAST 70 pi\u0161tolska pena je proizvedena v skladu s standardom ISO 9001:2000.<\/p>\n<div class=\"features__list\"><\/div>\n<\/div>\n<\/div>\n<\/div>\n<div class=\"sections col-sm-24\" data-sticky_parent=\"\">\n<div class=\"row\">\n<div class=\"section__menu\" data-sticky_column=\"\"><\/div>\n<\/div>\n<\/div>","protected":false},"excerpt":{"rendered":"<p>Tytan Professional ULTRA FAST 70 PU pjena nove generacije s ekstremno ubrzanim vremenom stvrdnjavanja i\u00a0smanjenim postekspanzijom. Preporu\u010duje se za brzu ugradnju prozora i\u00a0vrata \u2013 vanjskih i\u00a0unutarnjih. Otvrdnjava se pod utjecajem vlage, u\u00a0ultra brzom vremenu \u2013 mo\u017ee se rezati nakon 10 minuta, te nakon 90 minuta potpuno o\u010dvrsne. Zahvaljuju\u0107i inovativnom rje\u0161enju, iz jedne doze mo\u017eemo dobiti [&hellip;]<\/p>","protected":false},"featured_media":4547,"template":"","meta":[],"product_brand":[],"product_cat":[198,197],"product_tag":[],"class_list":{"0":"post-4544","1":"product","2":"type-product","3":"status-publish","4":"has-post-thumbnail","6":"product_cat-poliuretanske-pjene","7":"product_cat-pu-pjene-ljepila-i-silikoni","9":"first","10":"outofstock","11":"shipping-taxable","12":"purchasable","13":"product-type-simple"},"acf":[],"_links":{"self":[{"href":"http:\/\/consortium.ascentia.top\/sl\/wp-json\/wp\/v2\/product\/4544","targetHints":{"allow":["GET"]}}],"collection":[{"href":"http:\/\/consortium.ascentia.top\/sl\/wp-json\/wp\/v2\/product"}],"about":[{"href":"http:\/\/consortium.ascentia.top\/sl\/wp-json\/wp\/v2\/types\/product"}],"wp:featuredmedia":[{"embeddable":true,"href":"http:\/\/consortium.ascentia.top\/sl\/wp-json\/wp\/v2\/media\/4547"}],"wp:attachment":[{"href":"http:\/\/consortium.ascentia.top\/sl\/wp-json\/wp\/v2\/media?parent=4544"}],"wp:term":[{"taxonomy":"product_brand","embeddable":true,"href":"http:\/\/consortium.ascentia.top\/sl\/wp-json\/wp\/v2\/product_brand?post=4544"},{"taxonomy":"product_cat","embeddable":true,"href":"http:\/\/consortium.ascentia.top\/sl\/wp-json\/wp\/v2\/product_cat?post=4544"},{"taxonomy":"product_tag","embeddable":true,"href":"http:\/\/consortium.ascentia.top\/sl\/wp-json\/wp\/v2\/product_tag?post=4544"}],"curies":[{"name":"wp","href":"https:\/\/api.w.org\/{rel}","templated":true}]}}